{"id":8553,"date":"2026-03-03T13:49:07","date_gmt":"2026-03-03T18:49:07","guid":{"rendered":"https:\/\/www.purecurry.com\/politica-de-privacidad\/"},"modified":"2026-03-03T13:49:09","modified_gmt":"2026-03-03T18:49:09","slug":"politica-de-privacidad","status":"publish","type":"page","link":"https:\/\/www.purecurry.com\/es\/politica-de-privacidad\/","title":{"rendered":"Pol\u00edtica de privacidad"},"content":{"rendered":"\n<div class=\"wp-block-group has-global-padding is-layout-constrained wp-block-group-is-layout-constrained\">\n<p>Nawita, Inc. (\u201cNawita\u201d, \u201cnuestro\/a(s)\u201d, \u201cnosotros\u201d o \u201cnos\u201d) es el propietario y operador de purecurry.com. Nawita se compromete a proteger su privacidad y esta Pol\u00edtica de Privacidad se le proporciona para informarle sobre nuestras pol\u00edticas y procedimientos relacionados con la recopilaci\u00f3n, uso y divulgaci\u00f3n de la informaci\u00f3n personal recibida de usted a trav\u00e9s de este Sitio. Usted acepta que su uso del Sitio significa su consentimiento a esta Pol\u00edtica de Privacidad. Si no est\u00e1 de acuerdo con esta Pol\u00edtica de Privacidad, por favor no utilice el Sitio.   <\/p>\n\n\n\n<h3 class=\"wp-block-heading\"><strong>1) Informaci\u00f3n recopilada<\/strong><\/h3>\n\n\n\n<p>Cuando utiliza el Sitio, nos proporciona dos tipos de informaci\u00f3n: (i) informaci\u00f3n que usted nos proporciona voluntariamente (por ejemplo, a trav\u00e9s del proceso de registro o suscripci\u00f3n); y (ii) informaci\u00f3n que se obtiene mediante mecanismos de seguimiento automatizados.  <\/p>\n\n\n\n<p><strong>Informaci\u00f3n de registro voluntario<\/strong><\/p>\n\n\n\n<p>Para acceder plenamente a este Sitio, primero debe completar el proceso de registro, durante el cual recopilaremos cierta informaci\u00f3n personal sobre usted. Esta informaci\u00f3n incluye su nombre y direcci\u00f3n de correo electr\u00f3nico. No recopilamos informaci\u00f3n de identificaci\u00f3n personal sobre usted, excepto cuando usted nos la proporciona espec\u00edficamente de forma voluntaria. Al registrarse con nosotros, usted consiente el uso y el m\u00e9todo de divulgaci\u00f3n descritos en esta Pol\u00edtica de Privacidad.   <\/p>\n\n\n\n<p><strong>Informaci\u00f3n voluntaria para servicios y funciones<\/strong><\/p>\n\n\n\n<p>Adem\u00e1s, tambi\u00e9n recopilamos informaci\u00f3n de identificaci\u00f3n personal cuando usted decide utilizar ciertas otras funciones del Sitio, incluyendo: (i) configurar un perfil personal en el Sitio, (ii) realizar b\u00fasquedas y consultas en el Sitio, (iii) interactuar con el contenido de aprendizaje en el Sitio, (iv) personalizar su experiencia de aprendizaje en el Sitio, entre otros.    <\/p>\n\n\n\n<p><strong>Datos de registro (Log data)<\/strong><\/p>\n\n\n\n<p>Cada vez que ingresa al Sitio, ya sea como usuario registrado o como visitante que simplemente navega, nuestros servidores registran autom\u00e1ticamente la informaci\u00f3n que su navegador web env\u00eda cada vez que visita un sitio web. Esta informaci\u00f3n incluye la direcci\u00f3n IP de su computadora, tel\u00e9fono m\u00f3vil u otro dispositivo utilizado para acceder al Sitio, la p\u00e1gina que estaba visitando antes de ingresar al Sitio, informaci\u00f3n sobre su navegador web, las p\u00e1ginas del Sitio que visita, el tiempo que pasa en dichas p\u00e1ginas, la informaci\u00f3n que busca en el Sitio, los horarios de acceso y otras estad\u00edsticas. <\/p>\n\n\n\n<p><strong>Cookies<\/strong><\/p>\n\n\n\n<p>Nuestro Sitio utiliza \u201ccookies\u201d y otras tecnolog\u00edas de seguimiento. Una cookie es un fragmento de datos almacenado en el disco duro de la computadora o dispositivo m\u00f3vil del usuario que contiene informaci\u00f3n sobre el usuario. Utilizamos cookies de identificaci\u00f3n de sesi\u00f3n para confirmar que los usuarios han iniciado sesi\u00f3n y as\u00ed no tener que solicitarles que inicien sesi\u00f3n repetidamente. La mayor\u00eda de los navegadores le permiten controlar las cookies, incluyendo si desea aceptarlas y c\u00f3mo eliminarlas. Si el sistema de un usuario permanece inactivo durante un tiempo determinado, la cookie expirar\u00e1, obligando al usuario a iniciar sesi\u00f3n nuevamente para continuar su sesi\u00f3n. Esto evita el acceso no autorizado a la informaci\u00f3n del usuario mientras est\u00e1 lejos de su computadora.     <\/p>\n\n\n\n<p>Puede configurar la mayor\u00eda de los navegadores para que le notifiquen si recibe una cookie, o puede optar por bloquear las cookies mediante su navegador; sin embargo, tenga en cuenta que si decide eliminar o bloquear sus cookies, deber\u00e1 volver a ingresar repetidamente su identificaci\u00f3n de usuario y contrase\u00f1a originales para acceder a ciertas partes del Sitio y es posible que no pueda utilizar algunas secciones o toda la funcionalidad del Sitio.<\/p>\n\n\n\n<p>Cookies de terceros: En el curso de la publicaci\u00f3n de anuncios en este sitio, nuestros anunciantes externos pueden colocar o reconocer una \u201ccookie\u201d \u00fanica en su navegador, recopilar datos o solicitarle informaci\u00f3n personal.<\/p>\n\n\n\n<h3 class=\"wp-block-heading\"><strong>2) C\u00f3mo utilizamos su informaci\u00f3n<\/strong><\/h3>\n\n\n\n<p>Solo utilizamos su informaci\u00f3n personal para los fines originales para los cuales fue proporcionada. Su informaci\u00f3n personal no ser\u00e1 vendida ni transferida a terceros no afiliados sin su aprobaci\u00f3n en el momento de la recopilaci\u00f3n. <\/p>\n\n\n\n<p>Salvo que la ley lo exija, no divulgaremos, utilizaremos, proporcionaremos ni venderemos ninguna informaci\u00f3n personal a terceros para ning\u00fan prop\u00f3sito distinto al de nuestros proveedores y otros terceros que necesiten conocerla para prestar servicios en nuestro nombre. Adem\u00e1s, nos reservamos el derecho de contactarlo respecto a asuntos relacionados con el servicio subyacente proporcionado y\/o la informaci\u00f3n recopilada. <\/p>\n\n\n\n<p>Tenga en cuenta que la informaci\u00f3n de identificaci\u00f3n personal se utiliza \u00fanicamente para brindarle una experiencia en l\u00ednea m\u00e1s agradable y personalizada, y para ayudarnos a identificar y\/o proporcionar contenido, informaci\u00f3n, productos o servicios que puedan ser de su inter\u00e9s. Utilizamos su informaci\u00f3n de identificaci\u00f3n personal para respaldar y mejorar su uso del Sitio y sus funciones, incluyendo, entre otros: brindarle una experiencia personalizada, realizar seguimiento de las invitaciones por correo electr\u00f3nico que usted env\u00eda y, en general, respaldar su uso del Sitio. <\/p>\n\n\n\n<p>Podemos utilizar su direcci\u00f3n de correo electr\u00f3nico para enviarle informaci\u00f3n sobre nuevos servicios ofrecidos por Nawita y sus socios que creemos que pueden ser de su inter\u00e9s. Tambi\u00e9n podemos utilizar su direcci\u00f3n de correo electr\u00f3nico para enviarle notificaciones ocasionales relacionadas con su uso del Sitio. <\/p>\n\n\n\n<p>Podemos utilizar su informaci\u00f3n personal para dirigirle publicidad basada en aspectos como regi\u00f3n, g\u00e9nero, intereses, objetivos, h\u00e1bitos, etc.<\/p>\n\n\n\n<p>Podemos permitir que ciertos terceros de confianza realicen seguimiento del uso, analicen datos como la direcci\u00f3n de origen de la solicitud de p\u00e1gina, su direcci\u00f3n IP o nombre de dominio, la fecha y hora de la solicitud, el sitio web de referencia (si lo hubiera) y otros par\u00e1metros en la URL. Esto se recopila con el fin de comprender mejor el uso de nuestro Sitio web y mejorar el rendimiento de los servicios para mantener y operar el Sitio y ciertas funciones del mismo. Podemos utilizar terceros para alojar el Sitio; operar diversas funciones disponibles en el Sitio; enviar correos electr\u00f3nicos; analizar datos; proporcionar resultados de b\u00fasqueda y enlaces; y ayudar a cumplir con sus pedidos.  <\/p>\n\n\n\n<p>Asimismo, podemos compartir informaci\u00f3n, incluida informaci\u00f3n de identificaci\u00f3n personal, con nuestra empresa matriz, subsidiarias, divisiones y afiliadas.<\/p>\n\n\n\n<p>Podemos transferir informaci\u00f3n de identificaci\u00f3n personal como un activo en relaci\u00f3n con una fusi\u00f3n o venta propuesta o real (incluyendo cualquier transferencia realizada como parte de un procedimiento de insolvencia o quiebra) que involucre la totalidad o parte de nuestro negocio o como parte de una reorganizaci\u00f3n corporativa, venta de acciones u otro cambio de control.<\/p>\n\n\n\n<p>Podemos divulgar informaci\u00f3n de contacto en casos especiales cuando tengamos razones para creer que divulgar esta informaci\u00f3n es necesario para identificar, contactar o iniciar acciones legales contra alguien que pueda estar violando nuestros t\u00e9rminos y condiciones de uso o que pueda estar causando da\u00f1os o interferencias con nuestros derechos, propiedad, clientes o cualquier persona que pudiera verse perjudicada por dichas actividades.<\/p>\n\n\n\n<p>Usted recibir\u00e1 notificaci\u00f3n si su informaci\u00f3n de identificaci\u00f3n personal se proporciona a alg\u00fan tercero por cualquier motivo distinto a los establecidos en esta Pol\u00edtica de Privacidad, y tendr\u00e1 la oportunidad de solicitar que no compartamos dicha informaci\u00f3n.<\/p>\n\n\n\n<p>Utilizamos informaci\u00f3n no identificable y agregada para dise\u00f1ar mejor nuestro sitio web y para fines comerciales y administrativos. Tambi\u00e9n podemos utilizar o compartir con terceros, para cualquier prop\u00f3sito, datos agregados que no contengan informaci\u00f3n de identificaci\u00f3n personal. <\/p>\n\n\n\n<h3 class=\"wp-block-heading\"><strong>3) Referencias<\/strong><\/h3>\n\n\n\n<p>Puede optar por invitar a amigos a unirse al Sitio enviando correos electr\u00f3nicos de invitaci\u00f3n a trav\u00e9s de nuestra funci\u00f3n de invitaci\u00f3n disponible para usuarios registrados. Almacenamos las direcciones de correo electr\u00f3nico que usted proporciona para poder rastrear si los destinatarios se han unido al Sitio y tambi\u00e9n para enviar recordatorios de las invitaciones. No vendemos estas direcciones de correo electr\u00f3nico ni las utilizamos para enviar ninguna otra comunicaci\u00f3n que no sean invitaciones y recordatorios de invitaci\u00f3n. Los destinatarios de las invitaciones pueden contactarnos utilizando la informaci\u00f3n de contacto proporcionada a continuaci\u00f3n para solicitar la eliminaci\u00f3n de su informaci\u00f3n de nuestra base de datos.   <\/p>\n\n\n\n<h3 class=\"wp-block-heading\"><strong>4) C\u00f3mo protegemos su informaci\u00f3n<\/strong><\/h3>\n\n\n\n<p>Nos comprometemos a proteger la informaci\u00f3n que recibimos de usted. Si bien ning\u00fan sitio web puede garantizar la seguridad, adoptamos medidas de seguridad comercialmente razonables y apropiadas para proteger su informaci\u00f3n personal. <\/p>\n\n\n\n<h3 class=\"wp-block-heading\"><strong>5) Publicidad de terceros<\/strong><\/h3>\n\n\n\n<p>Los anuncios que aparecen en este Sitio pueden ser proporcionados por Nawita o por uno de nuestros socios publicitarios en la web. Nuestros socios publicitarios pueden establecer cookies. Esto permite a los socios publicitarios reconocer su computadora cada vez que le env\u00edan un anuncio. De esta manera, pueden recopilar informaci\u00f3n sobre d\u00f3nde usted, u otras personas que utilizan su computadora, tel\u00e9fono m\u00f3vil u otro dispositivo utilizado para acceder al Sitio, vieron sus anuncios y determinar cu\u00e1les anuncios reciben clics. Esta informaci\u00f3n permite que un socio publicitario le proporcione anuncios dirigidos que considere de mayor inter\u00e9s para usted. No tenemos acceso ni control sobre las cookies que puedan ser colocadas por los servidores publicitarios de terceros.     <\/p>\n\n\n\n<p>Esta declaraci\u00f3n de privacidad cubre el uso de cookies por parte de Nawita y no cubre el uso de cookies por parte de ninguno de sus anunciantes.<\/p>\n\n\n\n<h3 class=\"wp-block-heading\"><strong>6) Acceso y actualizaci\u00f3n de su informaci\u00f3n personal y preferencias<\/strong><\/h3>\n\n\n\n<p>Puede modificar o eliminar cualquiera de sus datos personales en cualquier momento iniciando sesi\u00f3n en su cuenta y accediendo a su perfil.<\/p>\n\n\n\n<h3 class=\"wp-block-heading\"><strong>7) Elecci\u00f3n de correo electr\u00f3nico \/ Cancelaci\u00f3n de suscripci\u00f3n<\/strong><\/h3>\n\n\n\n<p>Si ya no desea recibir actualizaciones o notificaciones, puede optar por dejar de recibir estas comunicaciones cambiando la configuraci\u00f3n de \u201cnotificaci\u00f3n por correo electr\u00f3nico\u201d en su perfil, siguiendo las instrucciones que acompa\u00f1an la comunicaci\u00f3n por correo electr\u00f3nico o contact\u00e1ndonos utilizando la informaci\u00f3n de contacto proporcionada a continuaci\u00f3n.<\/p>\n\n\n\n<h3 class=\"wp-block-heading\"><strong>8) Privacidad de los ni\u00f1os y controles parentales<\/strong><\/h3>\n\n\n\n<p>No solicitamos informaci\u00f3n personal de ni\u00f1os. Si usted es menor de 18 a\u00f1os, no est\u00e1 autorizado a utilizar el Sitio. Los padres deben saber que existen herramientas de control parental disponibles en l\u00ednea que pueden utilizarse para evitar que los ni\u00f1os env\u00eden informaci\u00f3n en l\u00ednea sin permiso parental o accedan a material perjudicial para menores.  <\/p>\n\n\n\n<h3 class=\"wp-block-heading\"><strong>9) Descargo de responsabilidad sobre seguridad<\/strong><\/h3>\n\n\n\n<p>Al aceptar los T\u00e9rminos y Condiciones del Sitio y\/o la Pol\u00edtica de Privacidad, usted reconoce que ninguna transmisi\u00f3n de datos por Internet es completamente segura. No podemos garantizar ni asegurar la seguridad de ninguna informaci\u00f3n que nos proporcione y usted transmite dicha informaci\u00f3n bajo su propio riesgo. <\/p>\n\n\n\n<h3 class=\"wp-block-heading\"><strong>10) Enlaces a otros sitios<br\/><\/strong><\/h3>\n\n\n\n<p>Esta Pol\u00edtica de Privacidad se aplica \u00fanicamente a este Sitio. No se aplica a otros sitios web no enumerados en esta Pol\u00edtica de Privacidad a los que podamos enlazar. No somos responsables de las pr\u00e1cticas de privacidad de otros sitios web. Esta Pol\u00edtica de Privacidad se aplica \u00fanicamente a la informaci\u00f3n recopilada por Nawita en este Sitio.   <\/p>\n\n\n\n<h3 class=\"wp-block-heading\"><strong>11) Cambios a esta Pol\u00edtica de Privacidad<\/strong><\/h3>\n\n\n\n<p>Nos reservamos el derecho de modificar esta Pol\u00edtica de Privacidad en cualquier momento a nuestra entera discreci\u00f3n y le notificaremos cualquier cambio material publicando la nueva Pol\u00edtica de Privacidad en el Sitio. Le solicitamos que consulte peri\u00f3dicamente esta pol\u00edtica para conocer cualquier cambio. Su uso continuado del Sitio indica su aceptaci\u00f3n de la Pol\u00edtica de Privacidad tal como est\u00e9 publicada.  <\/p>\n\n\n\n<h3 class=\"wp-block-heading\"><strong>12) C\u00f3mo contactarnos<\/strong><\/h3>\n\n\n\n<p>Si tiene alguna pregunta sobre esta Pol\u00edtica de Privacidad, env\u00ede un correo electr\u00f3nico a privacy@nawita.com.<\/p>\n<\/div>\n\n<div class=\"wp-block-group has-global-padding is-layout-constrained wp-block-group-is-layout-constrained\">\n<p>\u00daltima revisi\u00f3n: 3 de abril de 2016.<\/p>\n<\/div>\n","protected":false},"excerpt":{"rendered":"<p>Nawita, Inc. (\u201cNawita\u201d, \u201cnuestro\/a(s)\u201d, \u201cnosotros\u201d o \u201cnos\u201d) es el propietario y operador de purecurry.com. Nawita se compromete a proteger su privacidad y esta Pol\u00edtica de Privacidad se le proporciona para informarle sobre nuestras pol\u00edticas y procedimientos relacionados con la recopilaci\u00f3n, uso y divulgaci\u00f3n de la informaci\u00f3n personal recibida de usted a trav\u00e9s de este Sitio. [&hellip;]<\/p>\n","protected":false},"author":1,"featured_media":0,"parent":0,"menu_order":0,"comment_status":"closed","ping_status":"closed","template":"","meta":{"nf_dc_page":"","wprm-recipe-roundup-name":"","wprm-recipe-roundup-description":"","footnotes":""},"class_list":["post-8553","page","type-page","status-publish","hentry"],"yoast_head":"<!-- This site is optimized with the Yoast SEO plugin v27.2 - https:\/\/yoast.com\/product\/yoast-seo-wordpress\/ -->\n<title>Pol\u00edtica de privacidad - Pure Curry<\/title>\n<meta name=\"robots\" content=\"index, follow, max-snippet:-1, max-image-preview:large, max-video-preview:-1\" \/>\n<link rel=\"canonical\" href=\"https:\/\/www.purecurry.com\/es\/politica-de-privacidad\/\" \/>\n<meta property=\"og:locale\" content=\"es_ES\" \/>\n<meta property=\"og:type\" content=\"article\" \/>\n<meta property=\"og:title\" content=\"Pol\u00edtica de privacidad - Pure Curry\" \/>\n<meta property=\"og:description\" content=\"Nawita, Inc. (\u201cNawita\u201d, \u201cnuestro\/a(s)\u201d, \u201cnosotros\u201d o \u201cnos\u201d) es el propietario y operador de purecurry.com. Nawita se compromete a proteger su privacidad y esta Pol\u00edtica de Privacidad se le proporciona para informarle sobre nuestras pol\u00edticas y procedimientos relacionados con la recopilaci\u00f3n, uso y divulgaci\u00f3n de la informaci\u00f3n personal recibida de usted a trav\u00e9s de este Sitio. [&hellip;]\" \/>\n<meta property=\"og:url\" content=\"https:\/\/www.purecurry.com\/es\/politica-de-privacidad\/\" \/>\n<meta property=\"og:site_name\" content=\"Pure Curry\" \/>\n<meta property=\"article:modified_time\" content=\"2026-03-03T18:49:09+00:00\" \/>\n<meta name=\"twitter:card\" content=\"summary_large_image\" \/>\n<meta name=\"twitter:label1\" content=\"Tiempo de lectura\" \/>\n\t<meta name=\"twitter:data1\" content=\"10 minutos\" \/>\n<script type=\"application\/ld+json\" class=\"yoast-schema-graph\">{\"@context\":\"https:\/\/schema.org\",\"@graph\":[{\"@type\":\"WebPage\",\"@id\":\"https:\/\/www.purecurry.com\/es\/politica-de-privacidad\/\",\"url\":\"https:\/\/www.purecurry.com\/es\/politica-de-privacidad\/\",\"name\":\"Pol\u00edtica de privacidad - Pure Curry\",\"isPartOf\":{\"@id\":\"https:\/\/www.purecurry.com\/#website\"},\"datePublished\":\"2026-03-03T18:49:07+00:00\",\"dateModified\":\"2026-03-03T18:49:09+00:00\",\"breadcrumb\":{\"@id\":\"https:\/\/www.purecurry.com\/es\/politica-de-privacidad\/#breadcrumb\"},\"inLanguage\":\"es\",\"potentialAction\":[{\"@type\":\"ReadAction\",\"target\":[\"https:\/\/www.purecurry.com\/es\/politica-de-privacidad\/\"]}]},{\"@type\":\"BreadcrumbList\",\"@id\":\"https:\/\/www.purecurry.com\/es\/politica-de-privacidad\/#breadcrumb\",\"itemListElement\":[{\"@type\":\"ListItem\",\"position\":1,\"name\":\"Home\",\"item\":\"https:\/\/www.purecurry.com\/es\/\"},{\"@type\":\"ListItem\",\"position\":2,\"name\":\"Pol\u00edtica de privacidad\"}]},{\"@type\":\"WebSite\",\"@id\":\"https:\/\/www.purecurry.com\/#website\",\"url\":\"https:\/\/www.purecurry.com\/\",\"name\":\"Pure Curry\",\"description\":\"Aprende. Crea. Saborea.\",\"publisher\":{\"@id\":\"https:\/\/www.purecurry.com\/#organization\"},\"potentialAction\":[{\"@type\":\"SearchAction\",\"target\":{\"@type\":\"EntryPoint\",\"urlTemplate\":\"https:\/\/www.purecurry.com\/?s={search_term_string}\"},\"query-input\":{\"@type\":\"PropertyValueSpecification\",\"valueRequired\":true,\"valueName\":\"search_term_string\"}}],\"inLanguage\":\"es\"},{\"@type\":\"Organization\",\"@id\":\"https:\/\/www.purecurry.com\/#organization\",\"name\":\"PureCurry.com\",\"url\":\"https:\/\/www.purecurry.com\/\",\"logo\":{\"@type\":\"ImageObject\",\"inLanguage\":\"es\",\"@id\":\"https:\/\/www.purecurry.com\/#\/schema\/logo\/image\/\",\"url\":\"https:\/\/www.purecurry.com\/wp-content\/uploads\/2018\/07\/PureCurryLogo-v2-512x512.png\",\"contentUrl\":\"https:\/\/www.purecurry.com\/wp-content\/uploads\/2018\/07\/PureCurryLogo-v2-512x512.png\",\"width\":510,\"height\":508,\"caption\":\"PureCurry.com\"},\"image\":{\"@id\":\"https:\/\/www.purecurry.com\/#\/schema\/logo\/image\/\"}}]}<\/script>\n<!-- \/ Yoast SEO plugin. -->","yoast_head_json":{"title":"Pol\u00edtica de privacidad - Pure Curry","robots":{"index":"index","follow":"follow","max-snippet":"max-snippet:-1","max-image-preview":"max-image-preview:large","max-video-preview":"max-video-preview:-1"},"canonical":"https:\/\/www.purecurry.com\/es\/politica-de-privacidad\/","og_locale":"es_ES","og_type":"article","og_title":"Pol\u00edtica de privacidad - Pure Curry","og_description":"Nawita, Inc. (\u201cNawita\u201d, \u201cnuestro\/a(s)\u201d, \u201cnosotros\u201d o \u201cnos\u201d) es el propietario y operador de purecurry.com. Nawita se compromete a proteger su privacidad y esta Pol\u00edtica de Privacidad se le proporciona para informarle sobre nuestras pol\u00edticas y procedimientos relacionados con la recopilaci\u00f3n, uso y divulgaci\u00f3n de la informaci\u00f3n personal recibida de usted a trav\u00e9s de este Sitio. [&hellip;]","og_url":"https:\/\/www.purecurry.com\/es\/politica-de-privacidad\/","og_site_name":"Pure Curry","article_modified_time":"2026-03-03T18:49:09+00:00","twitter_card":"summary_large_image","twitter_misc":{"Tiempo de lectura":"10 minutos"},"schema":{"@context":"https:\/\/schema.org","@graph":[{"@type":"WebPage","@id":"https:\/\/www.purecurry.com\/es\/politica-de-privacidad\/","url":"https:\/\/www.purecurry.com\/es\/politica-de-privacidad\/","name":"Pol\u00edtica de privacidad - Pure Curry","isPartOf":{"@id":"https:\/\/www.purecurry.com\/#website"},"datePublished":"2026-03-03T18:49:07+00:00","dateModified":"2026-03-03T18:49:09+00:00","breadcrumb":{"@id":"https:\/\/www.purecurry.com\/es\/politica-de-privacidad\/#breadcrumb"},"inLanguage":"es","potentialAction":[{"@type":"ReadAction","target":["https:\/\/www.purecurry.com\/es\/politica-de-privacidad\/"]}]},{"@type":"BreadcrumbList","@id":"https:\/\/www.purecurry.com\/es\/politica-de-privacidad\/#breadcrumb","itemListElement":[{"@type":"ListItem","position":1,"name":"Home","item":"https:\/\/www.purecurry.com\/es\/"},{"@type":"ListItem","position":2,"name":"Pol\u00edtica de privacidad"}]},{"@type":"WebSite","@id":"https:\/\/www.purecurry.com\/#website","url":"https:\/\/www.purecurry.com\/","name":"Pure Curry","description":"Aprende. Crea. Saborea.","publisher":{"@id":"https:\/\/www.purecurry.com\/#organization"},"potentialAction":[{"@type":"SearchAction","target":{"@type":"EntryPoint","urlTemplate":"https:\/\/www.purecurry.com\/?s={search_term_string}"},"query-input":{"@type":"PropertyValueSpecification","valueRequired":true,"valueName":"search_term_string"}}],"inLanguage":"es"},{"@type":"Organization","@id":"https:\/\/www.purecurry.com\/#organization","name":"PureCurry.com","url":"https:\/\/www.purecurry.com\/","logo":{"@type":"ImageObject","inLanguage":"es","@id":"https:\/\/www.purecurry.com\/#\/schema\/logo\/image\/","url":"https:\/\/www.purecurry.com\/wp-content\/uploads\/2018\/07\/PureCurryLogo-v2-512x512.png","contentUrl":"https:\/\/www.purecurry.com\/wp-content\/uploads\/2018\/07\/PureCurryLogo-v2-512x512.png","width":510,"height":508,"caption":"PureCurry.com"},"image":{"@id":"https:\/\/www.purecurry.com\/#\/schema\/logo\/image\/"}}]}},"_links":{"self":[{"href":"https:\/\/www.purecurry.com\/es\/wp-json\/wp\/v2\/pages\/8553","targetHints":{"allow":["GET"]}}],"collection":[{"href":"https:\/\/www.purecurry.com\/es\/wp-json\/wp\/v2\/pages"}],"about":[{"href":"https:\/\/www.purecurry.com\/es\/wp-json\/wp\/v2\/types\/page"}],"author":[{"embeddable":true,"href":"https:\/\/www.purecurry.com\/es\/wp-json\/wp\/v2\/users\/1"}],"replies":[{"embeddable":true,"href":"https:\/\/www.purecurry.com\/es\/wp-json\/wp\/v2\/comments?post=8553"}],"version-history":[{"count":1,"href":"https:\/\/www.purecurry.com\/es\/wp-json\/wp\/v2\/pages\/8553\/revisions"}],"predecessor-version":[{"id":8554,"href":"https:\/\/www.purecurry.com\/es\/wp-json\/wp\/v2\/pages\/8553\/revisions\/8554"}],"wp:attachment":[{"href":"https:\/\/www.purecurry.com\/es\/wp-json\/wp\/v2\/media?parent=8553"}],"curies":[{"name":"wp","href":"https:\/\/api.w.org\/{rel}","templated":true}]}}