{"id":7761,"date":"2026-01-28T09:08:59","date_gmt":"2026-01-28T14:08:59","guid":{"rendered":"https:\/\/www.purecurry.com\/aprende\/las-bases-de-las-salsas-indias\/"},"modified":"2026-01-28T09:10:35","modified_gmt":"2026-01-28T14:10:35","slug":"las-bases-de-las-salsas-indias","status":"publish","type":"page","link":"https:\/\/www.purecurry.com\/es\/aprende\/las-bases-de-las-salsas-indias\/","title":{"rendered":"Las bases de las salsas indias"},"content":{"rendered":"\n<div style=\"background-image:url(&apos;https:\/\/www.purecurry.com\/wp-content\/themes\/pure-curry-theme\/assets\/images\/pc-spices-banner.png&apos;);background-size:cover;background-attachment:scroll;\" class=\"wp-block-group has-global-padding is-layout-constrained wp-block-group-is-layout-constrained has-background\">\n<div class=\"wp-block-cover alignfull has-basmati-rice-color has-text-color has-link-color wp-elements-521ee8ac3fe52ec9d7477c1684b8bed3\" style=\"min-height:133px;aspect-ratio:unset;\"><img decoding=\"async\" class=\"wp-block-cover__image-background wp-image-7406 size-large\" alt=\"\" src=\"https:\/\/www.purecurry.com\/wp-content\/uploads\/2026\/01\/indian-sauces-topdown-1024x549.png\" data-object-fit=\"cover\"\/><span aria-hidden=\"true\" class=\"wp-block-cover__background has-background-dim-10 has-background-dim\"><\/span><div class=\"wp-block-cover__inner-container has-global-padding is-layout-constrained wp-block-cover-is-layout-constrained\"><p class=\"has-text-align-center wp-elements-f67ba0bedd3ffab376672726fa522fbd wp-block-site-tagline has-text-color has-basmati-rice-color has-x-large-font-size has-lobster-font-family\">Aprende. Crea. Saborea.<\/p>\n\n\n<blockquote class=\"wp-block-quote has-medium-font-size is-layout-flow wp-block-quote-is-layout-flow\">\n<p class=\"has-text-align-center has-serif-font-family\"><em>En Pure Curry, cocinar no consiste en seguir recetas, sino en entenderlas. <\/em><\/p>\n<\/blockquote>\n<\/div><\/div>\n<\/div>\n\n<div class=\"wp-block-group has-global-padding is-layout-constrained wp-block-group-is-layout-constrained\">\n<h3 class=\"wp-block-heading\">Las bases de las salsas indias<\/h3>\n\n\n\n<p>La cocina india suele describirse a trav\u00e9s de sus platos, pero se comprende mejor a trav\u00e9s de sus salsas. Desde la <em>makhani <\/em>hasta la <em>mughlai<\/em>, desde el masala de tomate hasta las bases de curry de todos los d\u00edas, las salsas indias forman una base flexible que sostiene verduras, carnes, paneer y legumbres a lo largo de distintas regiones y tradiciones. <\/p>\n\n\n\n<p>Comenzamos entendiendo las bases fundamentales de las salsas y c\u00f3mo se elaboran tradicionalmente. Luego exploramos las t\u00e9cnicas de cocci\u00f3n y la ciencia que hay detr\u00e1s de transformar ingredientes crudos en salsas con profundidad, riqueza y cuerpo. Por \u00faltimo, nos centramos en c\u00f3mo combinar, adaptar y ajustar las salsas para lograr resultados consistentemente satisfactorios. Esta serie te proporciona principios transferibles que puedes aplicar en toda tu cocina.    <\/p>\n\n\n\n<figure class=\"wp-block-image size-large\"><img decoding=\"async\" src=\"https:\/\/www.purecurry.com\/wp-content\/uploads\/2026\/01\/indian-sauces-topdown-1024x549.webp\" alt=\"\" class=\"wp-image-7405\"\/><\/figure>\n<\/div>\n\n<div class=\"wp-block-group has-global-padding is-layout-constrained wp-block-group-is-layout-constrained\">\n<hr class=\"wp-block-separator has-alpha-channel-opacity\"\/>\n\n\n\n<script async=\"\" src=\"https:\/\/pagead2.googlesyndication.com\/pagead\/js\/adsbygoogle.js?client=ca-pub-1598516621053612\" crossorigin=\"anonymous\"><\/script><!-- In-content Embed --><ins class=\"adsbygoogle\" style=\"display:block\" data-ad-client=\"ca-pub-1598516621053612\" data-ad-slot=\"8224859310\" data-ad-format=\"auto\" data-full-width-responsive=\"true\"><\/ins><script>(adsbygoogle = window.adsbygoogle || []).push({});\n<\/script>\n<\/div>\n\n<div class=\"wp-block-group has-global-padding is-layout-constrained wp-block-group-is-layout-constrained\">\n<p>La serie <strong>Las bases de las salsas indias <\/strong>se divide en tres partes.<\/p>\n\n\n\n<div class=\"wp-block-group has-global-padding is-layout-constrained wp-block-group-is-layout-constrained\">\n<h3 class=\"wp-block-heading\"><strong>Parte 1 \u2013 Los fundamentos de las salsas de la India<\/strong><\/h3>\n\n\n\n<p><em>Estado: Pr\u00f3ximamente<\/em><\/p>\n\n\n\n<div class=\"wp-block-columns is-layout-flex wp-container-core-columns-is-layout-28f84493 wp-block-columns-is-layout-flex\">\n<div class=\"wp-block-column is-layout-flow wp-block-column-is-layout-flow\" style=\"flex-basis:25%\">\n<figure class=\"wp-block-image size-large\"><a href=\"https:\/\/www.purecurry.com\/wp-content\/uploads\/2026\/01\/Saffron-buffet-indian-sauces-scaled.jpg\"><img loading=\"lazy\" decoding=\"async\" width=\"1024\" height=\"768\" src=\"https:\/\/www.purecurry.com\/wp-content\/uploads\/2026\/01\/Saffron-buffet-indian-sauces-1024x768.jpg\" alt=\"Un plato de salsas indias de diferentes colores y texturas. \" class=\"wp-image-7666\" style=\"aspect-ratio:4\/3;object-fit:cover\" srcset=\"https:\/\/www.purecurry.com\/wp-content\/uploads\/2026\/01\/Saffron-buffet-indian-sauces-1024x768.jpg 1024w, https:\/\/www.purecurry.com\/wp-content\/uploads\/2026\/01\/Saffron-buffet-indian-sauces-300x225.jpg 300w, https:\/\/www.purecurry.com\/wp-content\/uploads\/2026\/01\/Saffron-buffet-indian-sauces-768x576.jpg 768w, https:\/\/www.purecurry.com\/wp-content\/uploads\/2026\/01\/Saffron-buffet-indian-sauces-1536x1152.jpg 1536w, https:\/\/www.purecurry.com\/wp-content\/uploads\/2026\/01\/Saffron-buffet-indian-sauces-2048x1536.jpg 2048w, https:\/\/www.purecurry.com\/wp-content\/uploads\/2026\/01\/Saffron-buffet-indian-sauces-500x375.jpg 500w\" sizes=\"auto, (max-width: 1024px) 100vw, 1024px\" \/><\/a><\/figure>\n<\/div>\n\n\n\n<div class=\"wp-block-column is-layout-flow wp-block-column-is-layout-flow\" style=\"flex-basis:75%\">\n<p>Las salsas de la cocina india siguen patrones reconocibles. En este art\u00edculo se explica c\u00f3mo se clasifican las salsas, cu\u00e1les son los ingredientes clave que las definen y de qu\u00e9 manera las tradiciones regionales influyen en su estructura y su sabor. <\/p>\n<\/div>\n<\/div>\n\n\n\n<div class=\"wp-block-buttons is-content-justification-center is-layout-flex wp-container-core-buttons-is-layout-a89b3969 wp-block-buttons-is-layout-flex\">\n<div class=\"wp-block-button has-custom-width wp-block-button__width-75\"><a class=\"wp-block-button__link has-text-align-center wp-element-button\"><strong>Leer Parte 1 \u2013 Los fundamentos de las salsas de la India<\/strong><\/a><\/div>\n<\/div>\n<\/div>\n\n\n\n<div style=\"height:30px\" aria-hidden=\"true\" class=\"wp-block-spacer\"><\/div>\n\n\n\n<div class=\"wp-block-group has-global-padding is-layout-constrained wp-block-group-is-layout-constrained\">\n<h3 class=\"wp-block-heading\"><strong>Parte 2 \u2013 La ciencia de c\u00f3mo se construye el sabor en las salsas indias<\/strong><\/h3>\n\n\n\n<p><em>Estado: <em>Pr\u00f3ximamente<\/em><\/em><\/p>\n\n\n\n<div class=\"wp-block-columns is-layout-flex wp-container-core-columns-is-layout-28f84493 wp-block-columns-is-layout-flex\">\n<div class=\"wp-block-column is-layout-flow wp-block-column-is-layout-flow\" style=\"flex-basis:25%\">\n<figure class=\"wp-block-image size-large\"><a href=\"https:\/\/www.purecurry.com\/wp-content\/uploads\/2018\/03\/TadkaCuminMustardGingerCurryLeaves.jpeg\"><img loading=\"lazy\" decoding=\"async\" width=\"1024\" height=\"684\" src=\"https:\/\/www.purecurry.com\/wp-content\/uploads\/2018\/03\/TadkaCuminMustardGingerCurryLeaves-1024x684.jpeg\" alt=\"Tadka, semillas de comino, semillas de mostaza, ajo, hojas de curry\" class=\"wp-image-3159\" style=\"aspect-ratio:4\/3;object-fit:cover\" srcset=\"https:\/\/www.purecurry.com\/wp-content\/uploads\/2018\/03\/TadkaCuminMustardGingerCurryLeaves-1024x684.jpeg 1024w, https:\/\/www.purecurry.com\/wp-content\/uploads\/2018\/03\/TadkaCuminMustardGingerCurryLeaves-300x200.jpeg 300w, https:\/\/www.purecurry.com\/wp-content\/uploads\/2018\/03\/TadkaCuminMustardGingerCurryLeaves-768x513.jpeg 768w, https:\/\/www.purecurry.com\/wp-content\/uploads\/2018\/03\/TadkaCuminMustardGingerCurryLeaves-1536x1025.jpeg 1536w, https:\/\/www.purecurry.com\/wp-content\/uploads\/2018\/03\/TadkaCuminMustardGingerCurryLeaves-2048x1367.jpeg 2048w\" sizes=\"auto, (max-width: 1024px) 100vw, 1024px\" \/><\/a><\/figure>\n<\/div>\n\n\n\n<div class=\"wp-block-column is-layout-flow wp-block-column-is-layout-flow\" style=\"flex-basis:75%\">\n<p>Las grandes salsas se dise\u00f1an, no se improvisan. Este art\u00edculo explora la f\u00edsica y la qu\u00edmica detr\u00e1s de la elaboraci\u00f3n de salsas indias: desde el dorado y la emulsi\u00f3n hasta la extracci\u00f3n de especias y el control de la textura. <\/p>\n<\/div>\n<\/div>\n\n\n\n<div class=\"wp-block-buttons is-content-justification-center is-layout-flex wp-container-core-buttons-is-layout-a89b3969 wp-block-buttons-is-layout-flex\">\n<div class=\"wp-block-button has-custom-width wp-block-button__width-75\"><a class=\"wp-block-button__link has-text-align-center wp-element-button\"><strong>Leer Parte 2 \u2013 La ciencia de c\u00f3mo se construye el sabor en las salsas indias<\/strong><\/a><\/div>\n<\/div>\n<\/div>\n\n\n\n<div style=\"height:30px\" aria-hidden=\"true\" class=\"wp-block-spacer\"><\/div>\n\n\n\n<div class=\"wp-block-group has-global-padding is-layout-constrained wp-block-group-is-layout-constrained\">\n<h3 class=\"wp-block-heading\"><strong>Parte 3 \u2013 Maridaje y Perfecci\u00f3n de las Salsas Indianas<\/strong><\/h3>\n\n\n\n<p><em>Estado: <em>Pr\u00f3ximamente<\/em><\/em><\/p>\n\n\n\n<div class=\"wp-block-columns is-layout-flex wp-container-core-columns-is-layout-28f84493 wp-block-columns-is-layout-flex\">\n<div class=\"wp-block-column is-layout-flow wp-block-column-is-layout-flow\" style=\"flex-basis:25%\">\n<figure class=\"wp-block-image size-large\"><a href=\"https:\/\/www.purecurry.com\/wp-content\/uploads\/2017\/07\/ChickenBiryani-Step6.jpeg\"><img loading=\"lazy\" decoding=\"async\" width=\"1024\" height=\"681\" src=\"https:\/\/www.purecurry.com\/wp-content\/uploads\/2017\/07\/ChickenBiryani-Step6-1024x681.jpeg\" alt=\"Curry de pollo\" class=\"wp-image-2370\" style=\"aspect-ratio:4\/3;object-fit:cover\" srcset=\"https:\/\/www.purecurry.com\/wp-content\/uploads\/2017\/07\/ChickenBiryani-Step6-1024x681.jpeg 1024w, https:\/\/www.purecurry.com\/wp-content\/uploads\/2017\/07\/ChickenBiryani-Step6-300x199.jpeg 300w, https:\/\/www.purecurry.com\/wp-content\/uploads\/2017\/07\/ChickenBiryani-Step6-768x511.jpeg 768w, https:\/\/www.purecurry.com\/wp-content\/uploads\/2017\/07\/ChickenBiryani-Step6-600x399.jpeg 600w, https:\/\/www.purecurry.com\/wp-content\/uploads\/2017\/07\/ChickenBiryani-Step6-750x500.jpeg 750w\" sizes=\"auto, (max-width: 1024px) 100vw, 1024px\" \/><\/a><\/figure>\n<\/div>\n\n\n\n<div class=\"wp-block-column is-layout-flow wp-block-column-is-layout-flow\" style=\"flex-basis:75%\">\n<p>Una vez que comprendes la estructura y la ciencia, la maestr\u00eda proviene de la pr\u00e1ctica. Esta publicaci\u00f3n muestra c\u00f3mo combinar salsas con los ingredientes, ajustarlas al gusto y lograr de manera constante equilibrio y riqueza. <\/p>\n<\/div>\n<\/div>\n\n\n\n<div class=\"wp-block-buttons is-content-justification-center is-layout-flex wp-container-core-buttons-is-layout-a89b3969 wp-block-buttons-is-layout-flex\">\n<div class=\"wp-block-button has-custom-width wp-block-button__width-75\"><a class=\"wp-block-button__link has-text-align-center wp-element-button\"><strong>Lee la Parte 3: Maridaje y Perfecci\u00f3n de las Salsas Indianas<\/strong><\/a><\/div>\n<\/div>\n<\/div>\n\n\n\n<div style=\"height:30px\" aria-hidden=\"true\" class=\"wp-block-spacer\"><\/div>\n<\/div>\n","protected":false},"excerpt":{"rendered":"<p>Las bases de las salsas indias La cocina india suele describirse a trav\u00e9s de sus platos, pero se comprende mejor a trav\u00e9s de sus salsas. Desde la makhani hasta la mughlai, desde el masala de tomate hasta las bases de curry de todos los d\u00edas, las salsas indias forman una base flexible que sostiene verduras, [&hellip;]<\/p>\n","protected":false},"author":1,"featured_media":9697,"parent":7606,"menu_order":0,"comment_status":"closed","ping_status":"closed","template":"","meta":{"nf_dc_page":"","wprm-recipe-roundup-name":"","wprm-recipe-roundup-description":"","footnotes":""},"class_list":["post-7761","page","type-page","status-publish","has-post-thumbnail","hentry"],"yoast_head":"<!-- This site is optimized with the Yoast SEO plugin v27.2 - https:\/\/yoast.com\/product\/yoast-seo-wordpress\/ -->\n<title>Las bases de las salsas indias - Pure Curry<\/title>\n<meta name=\"robots\" content=\"index, follow, max-snippet:-1, max-image-preview:large, max-video-preview:-1\" \/>\n<link rel=\"canonical\" href=\"https:\/\/www.purecurry.com\/es\/aprende\/las-bases-de-las-salsas-indias\/\" \/>\n<meta property=\"og:locale\" content=\"es_ES\" \/>\n<meta property=\"og:type\" content=\"article\" \/>\n<meta property=\"og:title\" content=\"Las bases de las salsas indias - Pure Curry\" \/>\n<meta property=\"og:description\" content=\"Las bases de las salsas indias La cocina india suele describirse a trav\u00e9s de sus platos, pero se comprende mejor a trav\u00e9s de sus salsas. Desde la makhani hasta la mughlai, desde el masala de tomate hasta las bases de curry de todos los d\u00edas, las salsas indias forman una base flexible que sostiene verduras, [&hellip;]\" \/>\n<meta property=\"og:url\" content=\"https:\/\/www.purecurry.com\/es\/aprende\/las-bases-de-las-salsas-indias\/\" \/>\n<meta property=\"og:site_name\" content=\"Pure Curry\" \/>\n<meta property=\"article:modified_time\" content=\"2026-01-28T14:10:35+00:00\" \/>\n<meta property=\"og:image\" content=\"https:\/\/www.purecurry.com\/wp-content\/uploads\/2026\/01\/indian-sauces-topdown-1024x549.png\" \/>\n\t<meta property=\"og:image:width\" content=\"1024\" \/>\n\t<meta property=\"og:image:height\" content=\"549\" \/>\n\t<meta property=\"og:image:type\" content=\"image\/png\" \/>\n<meta name=\"twitter:card\" content=\"summary_large_image\" \/>\n<meta name=\"twitter:label1\" content=\"Tiempo de lectura\" \/>\n\t<meta name=\"twitter:data1\" content=\"2 minutos\" \/>\n<script type=\"application\/ld+json\" class=\"yoast-schema-graph\">{\"@context\":\"https:\/\/schema.org\",\"@graph\":[{\"@type\":\"WebPage\",\"@id\":\"https:\/\/www.purecurry.com\/es\/aprende\/las-bases-de-las-salsas-indias\/\",\"url\":\"https:\/\/www.purecurry.com\/es\/aprende\/las-bases-de-las-salsas-indias\/\",\"name\":\"Las bases de las salsas indias - Pure Curry\",\"isPartOf\":{\"@id\":\"https:\/\/www.purecurry.com\/#website\"},\"primaryImageOfPage\":{\"@id\":\"https:\/\/www.purecurry.com\/es\/aprende\/las-bases-de-las-salsas-indias\/#primaryimage\"},\"image\":{\"@id\":\"https:\/\/www.purecurry.com\/es\/aprende\/las-bases-de-las-salsas-indias\/#primaryimage\"},\"thumbnailUrl\":\"https:\/\/www.purecurry.com\/wp-content\/uploads\/2026\/03\/indian-sauces-topdown.webp\",\"datePublished\":\"2026-01-28T14:08:59+00:00\",\"dateModified\":\"2026-01-28T14:10:35+00:00\",\"breadcrumb\":{\"@id\":\"https:\/\/www.purecurry.com\/es\/aprende\/las-bases-de-las-salsas-indias\/#breadcrumb\"},\"inLanguage\":\"es\",\"potentialAction\":[{\"@type\":\"ReadAction\",\"target\":[\"https:\/\/www.purecurry.com\/es\/aprende\/las-bases-de-las-salsas-indias\/\"]}]},{\"@type\":\"ImageObject\",\"inLanguage\":\"es\",\"@id\":\"https:\/\/www.purecurry.com\/es\/aprende\/las-bases-de-las-salsas-indias\/#primaryimage\",\"url\":\"https:\/\/www.purecurry.com\/wp-content\/uploads\/2026\/03\/indian-sauces-topdown.webp\",\"contentUrl\":\"https:\/\/www.purecurry.com\/wp-content\/uploads\/2026\/03\/indian-sauces-topdown.webp\",\"width\":1510,\"height\":809},{\"@type\":\"BreadcrumbList\",\"@id\":\"https:\/\/www.purecurry.com\/es\/aprende\/las-bases-de-las-salsas-indias\/#breadcrumb\",\"itemListElement\":[{\"@type\":\"ListItem\",\"position\":1,\"name\":\"Home\",\"item\":\"https:\/\/www.purecurry.com\/es\/\"},{\"@type\":\"ListItem\",\"position\":2,\"name\":\"Centro de Aprendizaje de Pure Curry\",\"item\":\"https:\/\/www.purecurry.com\/es\/aprende\/\"},{\"@type\":\"ListItem\",\"position\":3,\"name\":\"Las bases de las salsas indias\"}]},{\"@type\":\"WebSite\",\"@id\":\"https:\/\/www.purecurry.com\/#website\",\"url\":\"https:\/\/www.purecurry.com\/\",\"name\":\"Pure Curry\",\"description\":\"Aprende. Crea. Saborea.\",\"publisher\":{\"@id\":\"https:\/\/www.purecurry.com\/#organization\"},\"potentialAction\":[{\"@type\":\"SearchAction\",\"target\":{\"@type\":\"EntryPoint\",\"urlTemplate\":\"https:\/\/www.purecurry.com\/?s={search_term_string}\"},\"query-input\":{\"@type\":\"PropertyValueSpecification\",\"valueRequired\":true,\"valueName\":\"search_term_string\"}}],\"inLanguage\":\"es\"},{\"@type\":\"Organization\",\"@id\":\"https:\/\/www.purecurry.com\/#organization\",\"name\":\"PureCurry.com\",\"url\":\"https:\/\/www.purecurry.com\/\",\"logo\":{\"@type\":\"ImageObject\",\"inLanguage\":\"es\",\"@id\":\"https:\/\/www.purecurry.com\/#\/schema\/logo\/image\/\",\"url\":\"https:\/\/www.purecurry.com\/wp-content\/uploads\/2018\/07\/PureCurryLogo-v2-512x512.png\",\"contentUrl\":\"https:\/\/www.purecurry.com\/wp-content\/uploads\/2018\/07\/PureCurryLogo-v2-512x512.png\",\"width\":510,\"height\":508,\"caption\":\"PureCurry.com\"},\"image\":{\"@id\":\"https:\/\/www.purecurry.com\/#\/schema\/logo\/image\/\"}}]}<\/script>\n<!-- \/ Yoast SEO plugin. -->","yoast_head_json":{"title":"Las bases de las salsas indias - Pure Curry","robots":{"index":"index","follow":"follow","max-snippet":"max-snippet:-1","max-image-preview":"max-image-preview:large","max-video-preview":"max-video-preview:-1"},"canonical":"https:\/\/www.purecurry.com\/es\/aprende\/las-bases-de-las-salsas-indias\/","og_locale":"es_ES","og_type":"article","og_title":"Las bases de las salsas indias - Pure Curry","og_description":"Las bases de las salsas indias La cocina india suele describirse a trav\u00e9s de sus platos, pero se comprende mejor a trav\u00e9s de sus salsas. Desde la makhani hasta la mughlai, desde el masala de tomate hasta las bases de curry de todos los d\u00edas, las salsas indias forman una base flexible que sostiene verduras, [&hellip;]","og_url":"https:\/\/www.purecurry.com\/es\/aprende\/las-bases-de-las-salsas-indias\/","og_site_name":"Pure Curry","article_modified_time":"2026-01-28T14:10:35+00:00","og_image":[{"width":1024,"height":549,"url":"https:\/\/www.purecurry.com\/wp-content\/uploads\/2026\/01\/indian-sauces-topdown-1024x549.png","type":"image\/png"}],"twitter_card":"summary_large_image","twitter_misc":{"Tiempo de lectura":"2 minutos"},"schema":{"@context":"https:\/\/schema.org","@graph":[{"@type":"WebPage","@id":"https:\/\/www.purecurry.com\/es\/aprende\/las-bases-de-las-salsas-indias\/","url":"https:\/\/www.purecurry.com\/es\/aprende\/las-bases-de-las-salsas-indias\/","name":"Las bases de las salsas indias - Pure Curry","isPartOf":{"@id":"https:\/\/www.purecurry.com\/#website"},"primaryImageOfPage":{"@id":"https:\/\/www.purecurry.com\/es\/aprende\/las-bases-de-las-salsas-indias\/#primaryimage"},"image":{"@id":"https:\/\/www.purecurry.com\/es\/aprende\/las-bases-de-las-salsas-indias\/#primaryimage"},"thumbnailUrl":"https:\/\/www.purecurry.com\/wp-content\/uploads\/2026\/03\/indian-sauces-topdown.webp","datePublished":"2026-01-28T14:08:59+00:00","dateModified":"2026-01-28T14:10:35+00:00","breadcrumb":{"@id":"https:\/\/www.purecurry.com\/es\/aprende\/las-bases-de-las-salsas-indias\/#breadcrumb"},"inLanguage":"es","potentialAction":[{"@type":"ReadAction","target":["https:\/\/www.purecurry.com\/es\/aprende\/las-bases-de-las-salsas-indias\/"]}]},{"@type":"ImageObject","inLanguage":"es","@id":"https:\/\/www.purecurry.com\/es\/aprende\/las-bases-de-las-salsas-indias\/#primaryimage","url":"https:\/\/www.purecurry.com\/wp-content\/uploads\/2026\/03\/indian-sauces-topdown.webp","contentUrl":"https:\/\/www.purecurry.com\/wp-content\/uploads\/2026\/03\/indian-sauces-topdown.webp","width":1510,"height":809},{"@type":"BreadcrumbList","@id":"https:\/\/www.purecurry.com\/es\/aprende\/las-bases-de-las-salsas-indias\/#breadcrumb","itemListElement":[{"@type":"ListItem","position":1,"name":"Home","item":"https:\/\/www.purecurry.com\/es\/"},{"@type":"ListItem","position":2,"name":"Centro de Aprendizaje de Pure Curry","item":"https:\/\/www.purecurry.com\/es\/aprende\/"},{"@type":"ListItem","position":3,"name":"Las bases de las salsas indias"}]},{"@type":"WebSite","@id":"https:\/\/www.purecurry.com\/#website","url":"https:\/\/www.purecurry.com\/","name":"Pure Curry","description":"Aprende. Crea. Saborea.","publisher":{"@id":"https:\/\/www.purecurry.com\/#organization"},"potentialAction":[{"@type":"SearchAction","target":{"@type":"EntryPoint","urlTemplate":"https:\/\/www.purecurry.com\/?s={search_term_string}"},"query-input":{"@type":"PropertyValueSpecification","valueRequired":true,"valueName":"search_term_string"}}],"inLanguage":"es"},{"@type":"Organization","@id":"https:\/\/www.purecurry.com\/#organization","name":"PureCurry.com","url":"https:\/\/www.purecurry.com\/","logo":{"@type":"ImageObject","inLanguage":"es","@id":"https:\/\/www.purecurry.com\/#\/schema\/logo\/image\/","url":"https:\/\/www.purecurry.com\/wp-content\/uploads\/2018\/07\/PureCurryLogo-v2-512x512.png","contentUrl":"https:\/\/www.purecurry.com\/wp-content\/uploads\/2018\/07\/PureCurryLogo-v2-512x512.png","width":510,"height":508,"caption":"PureCurry.com"},"image":{"@id":"https:\/\/www.purecurry.com\/#\/schema\/logo\/image\/"}}]}},"_links":{"self":[{"href":"https:\/\/www.purecurry.com\/es\/wp-json\/wp\/v2\/pages\/7761","targetHints":{"allow":["GET"]}}],"collection":[{"href":"https:\/\/www.purecurry.com\/es\/wp-json\/wp\/v2\/pages"}],"about":[{"href":"https:\/\/www.purecurry.com\/es\/wp-json\/wp\/v2\/types\/page"}],"author":[{"embeddable":true,"href":"https:\/\/www.purecurry.com\/es\/wp-json\/wp\/v2\/users\/1"}],"replies":[{"embeddable":true,"href":"https:\/\/www.purecurry.com\/es\/wp-json\/wp\/v2\/comments?post=7761"}],"version-history":[{"count":5,"href":"https:\/\/www.purecurry.com\/es\/wp-json\/wp\/v2\/pages\/7761\/revisions"}],"predecessor-version":[{"id":7769,"href":"https:\/\/www.purecurry.com\/es\/wp-json\/wp\/v2\/pages\/7761\/revisions\/7769"}],"up":[{"embeddable":true,"href":"https:\/\/www.purecurry.com\/es\/wp-json\/wp\/v2\/pages\/7606"}],"wp:featuredmedia":[{"embeddable":true,"href":"https:\/\/www.purecurry.com\/es\/wp-json\/wp\/v2\/media\/9697"}],"wp:attachment":[{"href":"https:\/\/www.purecurry.com\/es\/wp-json\/wp\/v2\/media?parent=7761"}],"curies":[{"name":"wp","href":"https:\/\/api.w.org\/{rel}","templated":true}]}}