{"id":7709,"date":"2026-01-27T21:22:22","date_gmt":"2026-01-28T02:22:22","guid":{"rendered":"https:\/\/www.purecurry.com\/aprende\/dominar-el-amargor-la-ciencia-del-karela\/"},"modified":"2026-01-31T10:10:25","modified_gmt":"2026-01-31T15:10:25","slug":"dominar-el-amargor-la-ciencia-del-karela","status":"publish","type":"page","link":"https:\/\/www.purecurry.com\/es\/aprende\/dominar-el-amargor-la-ciencia-del-karela\/","title":{"rendered":"Dominar el Amargor: La Ciencia del Karela"},"content":{"rendered":"\n<div style=\"background-image:url(&apos;https:\/\/www.purecurry.com\/wp-content\/themes\/pure-curry-theme\/assets\/images\/pc-spices-banner.png&apos;);background-size:cover;background-attachment:scroll;\" class=\"wp-block-group has-global-padding is-layout-constrained wp-block-group-is-layout-constrained has-background\">\n<div class=\"wp-block-cover alignfull has-basmati-rice-color has-text-color has-link-color wp-elements-18721840dab9667592a19f5f9c2067bf\" style=\"min-height:133px;aspect-ratio:unset;\"><img loading=\"lazy\" decoding=\"async\" width=\"1024\" height=\"576\" class=\"wp-block-cover__image-background wp-image-7356 size-large\" alt=\"\" src=\"https:\/\/www.purecurry.com\/wp-content\/uploads\/2026\/01\/karela-lots-of-it-1024x576.jpg\" data-object-fit=\"cover\" srcset=\"https:\/\/www.purecurry.com\/wp-content\/uploads\/2026\/01\/karela-lots-of-it-1024x576.jpg 1024w, https:\/\/www.purecurry.com\/wp-content\/uploads\/2026\/01\/karela-lots-of-it-300x169.jpg 300w, https:\/\/www.purecurry.com\/wp-content\/uploads\/2026\/01\/karela-lots-of-it-768x432.jpg 768w, https:\/\/www.purecurry.com\/wp-content\/uploads\/2026\/01\/karela-lots-of-it-1536x864.jpg 1536w, https:\/\/www.purecurry.com\/wp-content\/uploads\/2026\/01\/karela-lots-of-it-2048x1152.jpg 2048w, https:\/\/www.purecurry.com\/wp-content\/uploads\/2026\/01\/karela-lots-of-it-480x270.jpg 480w\" sizes=\"auto, (max-width: 1024px) 100vw, 1024px\" \/><span aria-hidden=\"true\" class=\"wp-block-cover__background has-background-dim-10 has-background-dim\"><\/span><div class=\"wp-block-cover__inner-container has-global-padding is-layout-constrained wp-block-cover-is-layout-constrained\"><p class=\"has-text-align-center wp-elements-f67ba0bedd3ffab376672726fa522fbd wp-block-site-tagline has-text-color has-basmati-rice-color has-x-large-font-size has-lobster-font-family\">Aprende. Crea. Saborea.<\/p>\n\n\n<blockquote class=\"wp-block-quote has-medium-font-size is-layout-flow wp-block-quote-is-layout-flow\">\n<p class=\"has-text-align-center has-serif-font-family\"><em>En Pure Curry, cocinar no consiste en seguir recetas, sino en entenderlas. <\/em><\/p>\n<\/blockquote>\n<\/div><\/div>\n<\/div>\n\n<div class=\"wp-block-group has-global-padding is-layout-constrained wp-block-group-is-layout-constrained\">\n<h2 class=\"wp-block-heading\">Dominar el amargor: la ciencia del <em>Karela<\/em><\/h2>\n\n\n\n<p>El mel\u00f3n amargo, tambi\u00e9n conocido como <em>karela<\/em>, es una de las verduras m\u00e1s incomprendidas en la cocina. Su marcado amargor puede ser sorprendente al principio, pero en muchas tradiciones culinarias se valora no a pesar de ese amargor, sino gracias a \u00e9l. Desde la se\u00f1alizaci\u00f3n del apetito y la digesti\u00f3n hasta la forma en que el cuerpo responde al az\u00facar en la sangre, el <em>karela<\/em> se encuentra en una fascinante encrucijada de sabor, fisiolog\u00eda y t\u00e9cnica.  <\/p>\n\n\n\n<p>Esta serie ofrece una visi\u00f3n pr\u00e1ctica y con base cient\u00edfica del <em>karela<\/em>: por qu\u00e9 sabe como sabe, c\u00f3mo interact\u00faa el amargor con el cuerpo y c\u00f3mo los m\u00e9todos de cocci\u00f3n tradicionales lo transforman en algo profundamente satisfactorio. En lugar de intentar ocultar o eliminar el amargor, nos centramos en comprenderlo, aprendiendo a gestionarlo, equilibrarlo e incluso apreciarlo mediante una preparaci\u00f3n y cocci\u00f3n bien pensadas. <\/p>\n\n\n\n<p>Tanto si sientes curiosidad por la reputaci\u00f3n del <em>karela<\/em> en cuanto a beneficios para la salud, como si quieres entender lo que realmente ocurre cuando lo salamos o lo exprimimos, o simplemente buscas formas de cocinarlo para que tenga un sabor realmente bueno, esta serie te ayudar\u00e1 a pasar de la evitaci\u00f3n a la confianza.<\/p>\n\n\n\n<p>En la serie <strong>Dominar el amargor: la ciencia del <em>Karela<\/em><\/strong>, aplicamos la filosof\u00eda <strong>Aprender. Crear. Saborear.<\/strong> a uno de los ingredientes m\u00e1s desafiantes de la cocina india. Vamos m\u00e1s all\u00e1 de la idea de un &#8220;gusto adquirido&#8221; para comprender c\u00f3mo funciona la planta, por qu\u00e9 existen las t\u00e9cnicas tradicionales y c\u00f3mo el equilibrio de sabores convierte el amargor en intenci\u00f3n. <\/p>\n\n\n\n<hr class=\"wp-block-separator has-alpha-channel-opacity\"\/>\n<\/div>\n\n<div class=\"wp-block-group has-global-padding is-layout-constrained wp-block-group-is-layout-constrained\">\n<script async=\"\" src=\"https:\/\/pagead2.googlesyndication.com\/pagead\/js\/adsbygoogle.js?client=ca-pub-1598516621053612\" crossorigin=\"anonymous\"><\/script><!-- In-content Embed --><ins class=\"adsbygoogle\" style=\"display:block\" data-ad-client=\"ca-pub-1598516621053612\" data-ad-slot=\"8224859310\" data-ad-format=\"auto\" data-full-width-responsive=\"true\"><\/ins><script>(adsbygoogle = window.adsbygoogle || []).push({});\n<\/script>\n<\/div>\n\n<div class=\"wp-block-group has-global-padding is-layout-constrained wp-block-group-is-layout-constrained\">\n<h3 class=\"wp-block-heading\"><strong>Parte 1: La biolog\u00eda del amargor<\/strong><\/h3>\n\n\n\n<p><em>Estado: En vivo<\/em><\/p>\n\n\n\n<div class=\"wp-block-columns is-layout-flex wp-container-core-columns-is-layout-28f84493 wp-block-columns-is-layout-flex\">\n<div class=\"wp-block-column is-layout-flow wp-block-column-is-layout-flow\" style=\"flex-basis:25%\">\n<figure class=\"wp-block-image size-large\"><a href=\"https:\/\/www.purecurry.com\/es\/por-que-el-karela-es-amargo\/\"><img loading=\"lazy\" decoding=\"async\" width=\"1024\" height=\"681\" src=\"https:\/\/www.purecurry.com\/wp-content\/uploads\/2017\/06\/KarelaRaw-3-1024x681.jpeg\" alt=\"Mel\u00f3n amargo indio (Karela)\" class=\"wp-image-2110\" style=\"aspect-ratio:4\/3;object-fit:cover\" srcset=\"https:\/\/www.purecurry.com\/wp-content\/uploads\/2017\/06\/KarelaRaw-3-1024x681.jpeg 1024w, https:\/\/www.purecurry.com\/wp-content\/uploads\/2017\/06\/KarelaRaw-3-300x199.jpeg 300w, https:\/\/www.purecurry.com\/wp-content\/uploads\/2017\/06\/KarelaRaw-3-768x511.jpeg 768w, https:\/\/www.purecurry.com\/wp-content\/uploads\/2017\/06\/KarelaRaw-3-600x399.jpeg 600w, https:\/\/www.purecurry.com\/wp-content\/uploads\/2017\/06\/KarelaRaw-3-750x500.jpeg 750w\" sizes=\"auto, (max-width: 1024px) 100vw, 1024px\" \/><\/a><\/figure>\n<\/div>\n\n\n\n<div class=\"wp-block-column is-layout-flow wp-block-column-is-layout-flow\" style=\"flex-basis:75%\">\n<p>\u00bfPor qu\u00e9 el karela provoca una reacci\u00f3n tan inmediata, casi instintiva? En esta primera publicaci\u00f3n de la serie, comenzamos con la fase de <strong>Aprender<\/strong>, desentra\u00f1ando la biolog\u00eda detr\u00e1s del mel\u00f3n amargo antes de siquiera entrar en la cocina. Desde su identidad bot\u00e1nica como fruta de la familia de las <em>Cucurbitaceae<\/em> hasta el prop\u00f3sito evolutivo de su intenso amargor, esta publicaci\u00f3n explica por qu\u00e9 el karela exige un enfoque diferente al de la mayor\u00eda de las verduras.  <\/p>\n<\/div>\n<\/div>\n\n\n\n<p><strong>Temas clave:<\/strong><\/p>\n\n\n\n<ul class=\"wp-block-list\">\n<li style=\"padding-top:var(--wp--preset--spacing--20);padding-bottom:var(--wp--preset--spacing--20)\">La biolog\u00eda y la evoluci\u00f3n del amargor, y por qu\u00e9 el karela sabe como sabe<\/li>\n\n\n\n<li style=\"padding-top:var(--wp--preset--spacing--20);padding-bottom:var(--wp--preset--spacing--20)\">La identidad bot\u00e1nica del karela y las diferencias entre sus principales variedades<\/li>\n\n\n\n<li style=\"padding-top:var(--wp--preset--spacing--20);padding-bottom:var(--wp--preset--spacing--20)\">La base bioqu\u00edmica del papel del karela en el control del az\u00facar en la sangre<\/li>\n\n\n\n<li style=\"padding-top:var(--wp--preset--spacing--20);padding-bottom:var(--wp--preset--spacing--20)\">C\u00f3mo seleccionar karela joven y de alta calidad para un mejor sabor y textura<\/li>\n<\/ul>\n\n\n\n<div class=\"wp-block-buttons is-content-justification-center is-layout-flex wp-container-core-buttons-is-layout-a89b3969 wp-block-buttons-is-layout-flex\">\n<div class=\"wp-block-button has-custom-width wp-block-button__width-75\"><a class=\"wp-block-button__link has-text-align-center wp-element-button\" href=\"https:\/\/www.purecurry.com\/es\/por-que-el-karela-es-amargo\/\"><strong>Leer la Parte 1: La biolog\u00eda del amargor<\/strong><\/a><\/div>\n<\/div>\n<\/div>\n\n<div style=\"height:30px\" aria-hidden=\"true\" class=\"wp-block-spacer\"><\/div>\n\n<div class=\"wp-block-group has-global-padding is-layout-constrained wp-block-group-is-layout-constrained\">\n<h3 class=\"wp-block-heading\"><strong>Parte 2: C\u00f3mo reducir el amargor en el Karela<\/strong><\/h3>\n\n\n\n<p><em>Estado: En vivo<\/em><\/p>\n\n\n\n<div class=\"wp-block-columns is-layout-flex wp-container-core-columns-is-layout-28f84493 wp-block-columns-is-layout-flex\">\n<div class=\"wp-block-column is-layout-flow wp-block-column-is-layout-flow\" style=\"flex-basis:25%\">\n<figure class=\"wp-block-image size-large\"><a href=\"https:\/\/www.purecurry.com\/es\/como-reducir-el-amargor-del-karela\/\"><img loading=\"lazy\" decoding=\"async\" width=\"1024\" height=\"681\" src=\"https:\/\/www.purecurry.com\/wp-content\/uploads\/2017\/06\/Karela-Peeling-1024x681.jpeg\" alt=\"Mel\u00f3n amargo indio (Karela)\" class=\"wp-image-2106\" style=\"aspect-ratio:4\/3;object-fit:cover\" srcset=\"https:\/\/www.purecurry.com\/wp-content\/uploads\/2017\/06\/Karela-Peeling-1024x681.jpeg 1024w, https:\/\/www.purecurry.com\/wp-content\/uploads\/2017\/06\/Karela-Peeling-300x199.jpeg 300w, https:\/\/www.purecurry.com\/wp-content\/uploads\/2017\/06\/Karela-Peeling-768x511.jpeg 768w, https:\/\/www.purecurry.com\/wp-content\/uploads\/2017\/06\/Karela-Peeling-600x399.jpeg 600w, https:\/\/www.purecurry.com\/wp-content\/uploads\/2017\/06\/Karela-Peeling-750x500.jpeg 750w\" sizes=\"auto, (max-width: 1024px) 100vw, 1024px\" \/><\/a><\/figure>\n<\/div>\n\n\n\n<div class=\"wp-block-column is-layout-flow wp-block-column-is-layout-flow\" style=\"flex-basis:75%\">\n<p>El amargor en el <em>karela<\/em> no es algo que simplemente se &#8220;elimina cocinando&#8221;. Se forma mucho antes de que la sart\u00e9n se caliente. Este art\u00edculo desglosa las tres formas principales en que se reduce el amargor durante la preparaci\u00f3n tradicional (cortando, salando, dejando reposar y cocinando) y explica por qu\u00e9 estos pasos funcionan de forma tan fiable.  <\/p>\n<\/div>\n<\/div>\n\n\n\n<p><strong>Temas clave:<\/strong><\/p>\n\n\n\n<ul style=\"line-height:1.5\" class=\"wp-block-list\">\n<li style=\"padding-top:var(--wp--preset--spacing--20);padding-bottom:var(--wp--preset--spacing--20)\">D\u00f3nde se concentran los compuestos amargos y c\u00f3mo un corte inteligente reduce su impacto.<\/li>\n\n\n\n<li>C\u00f3mo la salaz\u00f3n extrae el amargor al tiempo que mejora la textura.<\/li>\n\n\n\n<li>Por qu\u00e9 dejar reposar y exprimir el <em>karela<\/em> lo cambia antes de que siquiera se caliente.<\/li>\n\n\n\n<li style=\"padding-top:var(--wp--preset--spacing--20);padding-bottom:var(--wp--preset--spacing--20)\">C\u00f3mo los diferentes m\u00e9todos de cocci\u00f3n suavizan y remodelan el amargor.<\/li>\n<\/ul>\n\n\n\n<div class=\"wp-block-buttons is-content-justification-center is-layout-flex wp-container-core-buttons-is-layout-a89b3969 wp-block-buttons-is-layout-flex\">\n<div class=\"wp-block-button has-custom-width wp-block-button__width-75\"><a class=\"wp-block-button__link has-text-align-center wp-element-button\" href=\"https:\/\/www.purecurry.com\/es\/como-reducir-el-amargor-del-karela\/\"><strong>Leer la Parte 2: C\u00f3mo reducir el amargor en el Karela<\/strong><\/a><\/div>\n<\/div>\n<\/div>\n\n<div style=\"height:30px\" aria-hidden=\"true\" class=\"wp-block-spacer\"><\/div>\n\n<div class=\"wp-block-group has-global-padding is-layout-constrained wp-block-group-is-layout-constrained\">\n<h3 class=\"wp-block-heading\"><strong>Parte 3: La alquimia del sabor: equilibrio entre amargo, dulce y \u00e1cido<\/strong><\/h3>\n\n\n\n<p><em>Estado: En vivo<\/em><\/p>\n\n\n\n<div class=\"wp-block-columns is-layout-flex wp-container-core-columns-is-layout-28f84493 wp-block-columns-is-layout-flex\">\n<div class=\"wp-block-column is-layout-flow wp-block-column-is-layout-flow\" style=\"flex-basis:25%\">\n<figure class=\"wp-block-image size-large\"><a href=\"https:\/\/www.purecurry.com\/es\/equilibrar-el-amargor-del-karela\/\"><img loading=\"lazy\" decoding=\"async\" width=\"576\" height=\"1024\" src=\"https:\/\/www.purecurry.com\/wp-content\/uploads\/2026\/01\/Karela-being-fried-576x1024.jpg\" alt=\"\" class=\"wp-image-7345\" style=\"aspect-ratio:4\/3;object-fit:cover\" srcset=\"https:\/\/www.purecurry.com\/wp-content\/uploads\/2026\/01\/Karela-being-fried-576x1024.jpg 576w, https:\/\/www.purecurry.com\/wp-content\/uploads\/2026\/01\/Karela-being-fried-169x300.jpg 169w, https:\/\/www.purecurry.com\/wp-content\/uploads\/2026\/01\/Karela-being-fried-768x1365.jpg 768w, https:\/\/www.purecurry.com\/wp-content\/uploads\/2026\/01\/Karela-being-fried-864x1536.jpg 864w, https:\/\/www.purecurry.com\/wp-content\/uploads\/2026\/01\/Karela-being-fried-1152x2048.jpg 1152w, https:\/\/www.purecurry.com\/wp-content\/uploads\/2026\/01\/Karela-being-fried-scaled.jpg 1440w\" sizes=\"auto, (max-width: 576px) 100vw, 576px\" \/><\/a><\/figure>\n<\/div>\n\n\n\n<div class=\"wp-block-column is-layout-flow wp-block-column-is-layout-flow\" style=\"flex-basis:75%\">\n<p>Una vez que el amargor est\u00e1 bajo control, comienza la verdadera transformaci\u00f3n. Esta \u00faltima publicaci\u00f3n se centra en el equilibrio: c\u00f3mo el <em>karela<\/em> se vuelve no solo tolerable, sino profundamente agradable cuando el amargor se apoya en los sabores y texturas adecuados. <\/p>\n<\/div>\n<\/div>\n\n\n\n<p><strong>Temas clave:<\/strong><\/p>\n\n\n\n<ul style=\"line-height:1.5\" class=\"wp-block-list\">\n<li style=\"padding-top:var(--wp--preset--spacing--20);padding-bottom:var(--wp--preset--spacing--20)\">C\u00f3mo el \u00e1cido, el dulce y la grasa suavizan el amargor a nivel sensorial<\/li>\n\n\n\n<li>Ingredientes tradicionales indios que complementan naturalmente el <em>karela<\/em><\/li>\n\n\n\n<li>C\u00f3mo las especias y los aromas elevan y redondean las notas amargas<\/li>\n\n\n\n<li style=\"padding-top:var(--wp--preset--spacing--20);padding-bottom:var(--wp--preset--spacing--20)\">Por qu\u00e9 la textura cambia la forma en que se experimenta el amargor<\/li>\n<\/ul>\n\n\n\n<div class=\"wp-block-buttons is-content-justification-center is-layout-flex wp-container-core-buttons-is-layout-a89b3969 wp-block-buttons-is-layout-flex\">\n<div class=\"wp-block-button has-custom-width wp-block-button__width-75\"><a class=\"wp-block-button__link has-text-align-center wp-element-button\" href=\"https:\/\/www.purecurry.com\/es\/equilibrar-el-amargor-del-karela\/\"><strong>Leer la Parte 3: La alquimia del sabor<\/strong><\/a><\/div>\n<\/div>\n<\/div>\n\n<div style=\"height:30px\" aria-hidden=\"true\" class=\"wp-block-spacer\"><\/div>\n","protected":false},"excerpt":{"rendered":"<p>Dominar el amargor: la ciencia del Karela El mel\u00f3n amargo, tambi\u00e9n conocido como karela, es una de las verduras m\u00e1s incomprendidas en la cocina. Su marcado amargor puede ser sorprendente al principio, pero en muchas tradiciones culinarias se valora no a pesar de ese amargor, sino gracias a \u00e9l. Desde la se\u00f1alizaci\u00f3n del apetito y [&hellip;]<\/p>\n","protected":false},"author":1,"featured_media":5488,"parent":7606,"menu_order":0,"comment_status":"closed","ping_status":"closed","template":"","meta":{"nf_dc_page":"","wprm-recipe-roundup-name":"","wprm-recipe-roundup-description":"","footnotes":""},"class_list":["post-7709","page","type-page","status-publish","has-post-thumbnail","hentry"],"yoast_head":"<!-- This site is optimized with the Yoast SEO plugin v27.2 - https:\/\/yoast.com\/product\/yoast-seo-wordpress\/ -->\n<title>Dominar el Amargor: La Ciencia del Karela - Pure Curry<\/title>\n<meta name=\"robots\" content=\"index, follow, max-snippet:-1, max-image-preview:large, max-video-preview:-1\" \/>\n<link rel=\"canonical\" href=\"https:\/\/www.purecurry.com\/es\/aprende\/dominar-el-amargor-la-ciencia-del-karela\/\" \/>\n<meta property=\"og:locale\" content=\"es_ES\" \/>\n<meta property=\"og:type\" content=\"article\" \/>\n<meta property=\"og:title\" content=\"Dominar el Amargor: La Ciencia del Karela - Pure Curry\" \/>\n<meta property=\"og:description\" content=\"Dominar el amargor: la ciencia del Karela El mel\u00f3n amargo, tambi\u00e9n conocido como karela, es una de las verduras m\u00e1s incomprendidas en la cocina. Su marcado amargor puede ser sorprendente al principio, pero en muchas tradiciones culinarias se valora no a pesar de ese amargor, sino gracias a \u00e9l. Desde la se\u00f1alizaci\u00f3n del apetito y [&hellip;]\" \/>\n<meta property=\"og:url\" content=\"https:\/\/www.purecurry.com\/es\/aprende\/dominar-el-amargor-la-ciencia-del-karela\/\" \/>\n<meta property=\"og:site_name\" content=\"Pure Curry\" \/>\n<meta property=\"article:modified_time\" content=\"2026-01-31T15:10:25+00:00\" \/>\n<meta property=\"og:image\" content=\"https:\/\/www.purecurry.com\/wp-content\/uploads\/2017\/06\/KarelaRaw-3.jpeg\" \/>\n\t<meta property=\"og:image:width\" content=\"3008\" \/>\n\t<meta property=\"og:image:height\" content=\"2000\" \/>\n\t<meta property=\"og:image:type\" content=\"image\/jpeg\" \/>\n<meta name=\"twitter:card\" content=\"summary_large_image\" \/>\n<meta name=\"twitter:label1\" content=\"Tiempo de lectura\" \/>\n\t<meta name=\"twitter:data1\" content=\"4 minutos\" \/>\n<script type=\"application\/ld+json\" class=\"yoast-schema-graph\">{\"@context\":\"https:\/\/schema.org\",\"@graph\":[{\"@type\":\"WebPage\",\"@id\":\"https:\/\/www.purecurry.com\/es\/aprende\/dominar-el-amargor-la-ciencia-del-karela\/\",\"url\":\"https:\/\/www.purecurry.com\/es\/aprende\/dominar-el-amargor-la-ciencia-del-karela\/\",\"name\":\"Dominar el Amargor: La Ciencia del Karela - Pure Curry\",\"isPartOf\":{\"@id\":\"https:\/\/www.purecurry.com\/#website\"},\"primaryImageOfPage\":{\"@id\":\"https:\/\/www.purecurry.com\/es\/aprende\/dominar-el-amargor-la-ciencia-del-karela\/#primaryimage\"},\"image\":{\"@id\":\"https:\/\/www.purecurry.com\/es\/aprende\/dominar-el-amargor-la-ciencia-del-karela\/#primaryimage\"},\"thumbnailUrl\":\"https:\/\/www.purecurry.com\/wp-content\/uploads\/2017\/06\/KarelaRaw-3.jpeg\",\"datePublished\":\"2026-01-28T02:22:22+00:00\",\"dateModified\":\"2026-01-31T15:10:25+00:00\",\"breadcrumb\":{\"@id\":\"https:\/\/www.purecurry.com\/es\/aprende\/dominar-el-amargor-la-ciencia-del-karela\/#breadcrumb\"},\"inLanguage\":\"es\",\"potentialAction\":[{\"@type\":\"ReadAction\",\"target\":[\"https:\/\/www.purecurry.com\/es\/aprende\/dominar-el-amargor-la-ciencia-del-karela\/\"]}]},{\"@type\":\"ImageObject\",\"inLanguage\":\"es\",\"@id\":\"https:\/\/www.purecurry.com\/es\/aprende\/dominar-el-amargor-la-ciencia-del-karela\/#primaryimage\",\"url\":\"https:\/\/www.purecurry.com\/wp-content\/uploads\/2017\/06\/KarelaRaw-3.jpeg\",\"contentUrl\":\"https:\/\/www.purecurry.com\/wp-content\/uploads\/2017\/06\/KarelaRaw-3.jpeg\",\"width\":3008,\"height\":2000,\"caption\":\"Mel\u00f3n amargo indio (Karela)\"},{\"@type\":\"BreadcrumbList\",\"@id\":\"https:\/\/www.purecurry.com\/es\/aprende\/dominar-el-amargor-la-ciencia-del-karela\/#breadcrumb\",\"itemListElement\":[{\"@type\":\"ListItem\",\"position\":1,\"name\":\"Home\",\"item\":\"https:\/\/www.purecurry.com\/es\/\"},{\"@type\":\"ListItem\",\"position\":2,\"name\":\"Centro de Aprendizaje de Pure Curry\",\"item\":\"https:\/\/www.purecurry.com\/es\/aprende\/\"},{\"@type\":\"ListItem\",\"position\":3,\"name\":\"Dominar el Amargor: La Ciencia del Karela\"}]},{\"@type\":\"WebSite\",\"@id\":\"https:\/\/www.purecurry.com\/#website\",\"url\":\"https:\/\/www.purecurry.com\/\",\"name\":\"Pure Curry\",\"description\":\"Aprende. Crea. Saborea.\",\"publisher\":{\"@id\":\"https:\/\/www.purecurry.com\/#organization\"},\"potentialAction\":[{\"@type\":\"SearchAction\",\"target\":{\"@type\":\"EntryPoint\",\"urlTemplate\":\"https:\/\/www.purecurry.com\/?s={search_term_string}\"},\"query-input\":{\"@type\":\"PropertyValueSpecification\",\"valueRequired\":true,\"valueName\":\"search_term_string\"}}],\"inLanguage\":\"es\"},{\"@type\":\"Organization\",\"@id\":\"https:\/\/www.purecurry.com\/#organization\",\"name\":\"PureCurry.com\",\"url\":\"https:\/\/www.purecurry.com\/\",\"logo\":{\"@type\":\"ImageObject\",\"inLanguage\":\"es\",\"@id\":\"https:\/\/www.purecurry.com\/#\/schema\/logo\/image\/\",\"url\":\"https:\/\/www.purecurry.com\/wp-content\/uploads\/2018\/07\/PureCurryLogo-v2-512x512.png\",\"contentUrl\":\"https:\/\/www.purecurry.com\/wp-content\/uploads\/2018\/07\/PureCurryLogo-v2-512x512.png\",\"width\":510,\"height\":508,\"caption\":\"PureCurry.com\"},\"image\":{\"@id\":\"https:\/\/www.purecurry.com\/#\/schema\/logo\/image\/\"}}]}<\/script>\n<!-- \/ Yoast SEO plugin. -->","yoast_head_json":{"title":"Dominar el Amargor: La Ciencia del Karela - Pure Curry","robots":{"index":"index","follow":"follow","max-snippet":"max-snippet:-1","max-image-preview":"max-image-preview:large","max-video-preview":"max-video-preview:-1"},"canonical":"https:\/\/www.purecurry.com\/es\/aprende\/dominar-el-amargor-la-ciencia-del-karela\/","og_locale":"es_ES","og_type":"article","og_title":"Dominar el Amargor: La Ciencia del Karela - Pure Curry","og_description":"Dominar el amargor: la ciencia del Karela El mel\u00f3n amargo, tambi\u00e9n conocido como karela, es una de las verduras m\u00e1s incomprendidas en la cocina. Su marcado amargor puede ser sorprendente al principio, pero en muchas tradiciones culinarias se valora no a pesar de ese amargor, sino gracias a \u00e9l. Desde la se\u00f1alizaci\u00f3n del apetito y [&hellip;]","og_url":"https:\/\/www.purecurry.com\/es\/aprende\/dominar-el-amargor-la-ciencia-del-karela\/","og_site_name":"Pure Curry","article_modified_time":"2026-01-31T15:10:25+00:00","og_image":[{"width":3008,"height":2000,"url":"https:\/\/www.purecurry.com\/wp-content\/uploads\/2017\/06\/KarelaRaw-3.jpeg","type":"image\/jpeg"}],"twitter_card":"summary_large_image","twitter_misc":{"Tiempo de lectura":"4 minutos"},"schema":{"@context":"https:\/\/schema.org","@graph":[{"@type":"WebPage","@id":"https:\/\/www.purecurry.com\/es\/aprende\/dominar-el-amargor-la-ciencia-del-karela\/","url":"https:\/\/www.purecurry.com\/es\/aprende\/dominar-el-amargor-la-ciencia-del-karela\/","name":"Dominar el Amargor: La Ciencia del Karela - Pure Curry","isPartOf":{"@id":"https:\/\/www.purecurry.com\/#website"},"primaryImageOfPage":{"@id":"https:\/\/www.purecurry.com\/es\/aprende\/dominar-el-amargor-la-ciencia-del-karela\/#primaryimage"},"image":{"@id":"https:\/\/www.purecurry.com\/es\/aprende\/dominar-el-amargor-la-ciencia-del-karela\/#primaryimage"},"thumbnailUrl":"https:\/\/www.purecurry.com\/wp-content\/uploads\/2017\/06\/KarelaRaw-3.jpeg","datePublished":"2026-01-28T02:22:22+00:00","dateModified":"2026-01-31T15:10:25+00:00","breadcrumb":{"@id":"https:\/\/www.purecurry.com\/es\/aprende\/dominar-el-amargor-la-ciencia-del-karela\/#breadcrumb"},"inLanguage":"es","potentialAction":[{"@type":"ReadAction","target":["https:\/\/www.purecurry.com\/es\/aprende\/dominar-el-amargor-la-ciencia-del-karela\/"]}]},{"@type":"ImageObject","inLanguage":"es","@id":"https:\/\/www.purecurry.com\/es\/aprende\/dominar-el-amargor-la-ciencia-del-karela\/#primaryimage","url":"https:\/\/www.purecurry.com\/wp-content\/uploads\/2017\/06\/KarelaRaw-3.jpeg","contentUrl":"https:\/\/www.purecurry.com\/wp-content\/uploads\/2017\/06\/KarelaRaw-3.jpeg","width":3008,"height":2000,"caption":"Mel\u00f3n amargo indio (Karela)"},{"@type":"BreadcrumbList","@id":"https:\/\/www.purecurry.com\/es\/aprende\/dominar-el-amargor-la-ciencia-del-karela\/#breadcrumb","itemListElement":[{"@type":"ListItem","position":1,"name":"Home","item":"https:\/\/www.purecurry.com\/es\/"},{"@type":"ListItem","position":2,"name":"Centro de Aprendizaje de Pure Curry","item":"https:\/\/www.purecurry.com\/es\/aprende\/"},{"@type":"ListItem","position":3,"name":"Dominar el Amargor: La Ciencia del Karela"}]},{"@type":"WebSite","@id":"https:\/\/www.purecurry.com\/#website","url":"https:\/\/www.purecurry.com\/","name":"Pure Curry","description":"Aprende. Crea. Saborea.","publisher":{"@id":"https:\/\/www.purecurry.com\/#organization"},"potentialAction":[{"@type":"SearchAction","target":{"@type":"EntryPoint","urlTemplate":"https:\/\/www.purecurry.com\/?s={search_term_string}"},"query-input":{"@type":"PropertyValueSpecification","valueRequired":true,"valueName":"search_term_string"}}],"inLanguage":"es"},{"@type":"Organization","@id":"https:\/\/www.purecurry.com\/#organization","name":"PureCurry.com","url":"https:\/\/www.purecurry.com\/","logo":{"@type":"ImageObject","inLanguage":"es","@id":"https:\/\/www.purecurry.com\/#\/schema\/logo\/image\/","url":"https:\/\/www.purecurry.com\/wp-content\/uploads\/2018\/07\/PureCurryLogo-v2-512x512.png","contentUrl":"https:\/\/www.purecurry.com\/wp-content\/uploads\/2018\/07\/PureCurryLogo-v2-512x512.png","width":510,"height":508,"caption":"PureCurry.com"},"image":{"@id":"https:\/\/www.purecurry.com\/#\/schema\/logo\/image\/"}}]}},"_links":{"self":[{"href":"https:\/\/www.purecurry.com\/es\/wp-json\/wp\/v2\/pages\/7709","targetHints":{"allow":["GET"]}}],"collection":[{"href":"https:\/\/www.purecurry.com\/es\/wp-json\/wp\/v2\/pages"}],"about":[{"href":"https:\/\/www.purecurry.com\/es\/wp-json\/wp\/v2\/types\/page"}],"author":[{"embeddable":true,"href":"https:\/\/www.purecurry.com\/es\/wp-json\/wp\/v2\/users\/1"}],"replies":[{"embeddable":true,"href":"https:\/\/www.purecurry.com\/es\/wp-json\/wp\/v2\/comments?post=7709"}],"version-history":[{"count":10,"href":"https:\/\/www.purecurry.com\/es\/wp-json\/wp\/v2\/pages\/7709\/revisions"}],"predecessor-version":[{"id":7841,"href":"https:\/\/www.purecurry.com\/es\/wp-json\/wp\/v2\/pages\/7709\/revisions\/7841"}],"up":[{"embeddable":true,"href":"https:\/\/www.purecurry.com\/es\/wp-json\/wp\/v2\/pages\/7606"}],"wp:featuredmedia":[{"embeddable":true,"href":"https:\/\/www.purecurry.com\/es\/wp-json\/wp\/v2\/media\/5488"}],"wp:attachment":[{"href":"https:\/\/www.purecurry.com\/es\/wp-json\/wp\/v2\/media?parent=7709"}],"curies":[{"name":"wp","href":"https:\/\/api.w.org\/{rel}","templated":true}]}}