{"id":7629,"date":"2026-01-26T10:00:52","date_gmt":"2026-01-26T15:00:52","guid":{"rendered":"https:\/\/www.purecurry.com\/biblioteca-de-aprendizaje-de-pure-curry\/la-ciencia-del-saag-dominar-el-curry-verde\/"},"modified":"2026-01-26T13:44:33","modified_gmt":"2026-01-26T18:44:33","slug":"la-ciencia-del-saag","status":"publish","type":"page","link":"https:\/\/www.purecurry.com\/es\/aprende\/la-ciencia-del-saag\/","title":{"rendered":"La Ciencia del Saag: Dominar el Curry Verde"},"content":{"rendered":"\n<div style=\"background-image:url(&apos;https:\/\/www.purecurry.com\/wp-content\/themes\/pure-curry-theme\/assets\/images\/pc-spices-banner.png&apos;);background-size:cover;background-attachment:scroll;\" class=\"wp-block-group has-global-padding is-layout-constrained wp-block-group-is-layout-constrained has-background\">\n<div class=\"wp-block-cover alignfull has-basmati-rice-color has-text-color has-link-color wp-elements-36f5e638e7153403d94f72ae61bf3823\" style=\"min-height:133px;aspect-ratio:unset;\"><img decoding=\"async\" class=\"wp-block-cover__image-background wp-image-7403 size-large\" alt=\"\" src=\"https:\/\/www.purecurry.com\/wp-content\/uploads\/2026\/01\/assorted-greens-top-down-1024x557.png\" data-object-fit=\"cover\"\/><span aria-hidden=\"true\" class=\"wp-block-cover__background has-background-dim-10 has-background-dim\"><\/span><div class=\"wp-block-cover__inner-container has-global-padding is-layout-constrained wp-block-cover-is-layout-constrained\"><p class=\"has-text-align-center wp-elements-f67ba0bedd3ffab376672726fa522fbd wp-block-site-tagline has-text-color has-basmati-rice-color has-x-large-font-size has-lobster-font-family\">Aprende. Crea. Saborea.<\/p>\n\n\n<blockquote class=\"wp-block-quote has-medium-font-size is-layout-flow wp-block-quote-is-layout-flow\">\n<p class=\"has-text-align-center has-serif-font-family\"><em>En Pure Curry, cocinar no consiste en seguir recetas, sino en entenderlas. <\/em><\/p>\n<\/blockquote>\n<\/div><\/div>\n<\/div>\n\n<div class=\"wp-block-group has-global-padding is-layout-constrained wp-block-group-is-layout-constrained\">\n<h2 class=\"wp-block-heading\">El saag multidimensional<\/h2>\n\n\n\n<p>En el mundo de la cocina india, pocos platos se entienden tan mal como el <em>saag<\/em>. Con demasiada frecuencia, se describe como \u201cespinacas a la crema\u201d, cuando, en realidad, el saag es un m\u00e9todo: una forma reflexiva y adaptable de cocinar verduras de hoja verde que var\u00eda seg\u00fan la regi\u00f3n, la estaci\u00f3n y el hogar. <\/p>\n\n\n\n<p>Desde el audaz mordisco de las hojas de mostaza en Punjab hasta la suave dulzura de las espinacas, el <em>saag<\/em> transforma las humildes hojas en algo profundamente nutritivo y complejo. Es r\u00fastico y refinado al mismo tiempo. <\/p>\n\n\n\n<p>En consonancia con la <strong>filosof\u00eda de Pure Curry de Aprende. Crea. Saborea.<\/strong>, esta serie explora el <em>saag<\/em> no solo como una receta, sino como un proceso. Aprender\u00e1 c\u00f3mo se comportan las verduras cuando se cocinan, por qu\u00e9 ciertas t\u00e9cnicas conservan el color y el sabor, y c\u00f3mo las peque\u00f1as decisiones en la cocina conducen a grandes diferencias en el plato. <\/p>\n\n\n\n<p>No se trata de memorizar pasos, sino de comprender <em>por qu\u00e9<\/em> funciona el <em>saag<\/em>, para que pueda cocinarlo con confianza con cualquier verdura que tenga a mano.<\/p>\n\n\n\n<hr class=\"wp-block-separator has-alpha-channel-opacity\"\/>\n<\/div>\n\n<div class=\"wp-block-group has-global-padding is-layout-constrained wp-block-group-is-layout-constrained\">\n<script async=\"\" src=\"https:\/\/pagead2.googlesyndication.com\/pagead\/js\/adsbygoogle.js?client=ca-pub-1598516621053612\" crossorigin=\"anonymous\"><\/script><!-- In-content Embed --><ins class=\"adsbygoogle\" style=\"display:block\" data-ad-client=\"ca-pub-1598516621053612\" data-ad-slot=\"8224859310\" data-ad-format=\"auto\" data-full-width-responsive=\"true\"><\/ins><script>(adsbygoogle = window.adsbygoogle || []).push({});\n<\/script>\n<\/div>\n\n<div class=\"wp-block-group has-global-padding is-layout-constrained wp-block-group-is-layout-constrained\">\n<hr class=\"wp-block-separator has-alpha-channel-opacity\"\/>\n\n\n\n<div class=\"wp-block-group has-global-padding is-layout-constrained wp-block-group-is-layout-constrained\">\n<h3 class=\"wp-block-heading\"><strong>Parte 1: M\u00e1s all\u00e1 de las espinacas<\/strong>: Comprender las verduras del saag y su nutrici\u00f3n<\/h3>\n\n\n\n<p><em>Estado: <em>En vivo<\/em><\/em><\/p>\n\n\n\n<div class=\"wp-block-columns is-layout-flex wp-container-core-columns-is-layout-28f84493 wp-block-columns-is-layout-flex\">\n<div class=\"wp-block-column is-layout-flow wp-block-column-is-layout-flow\" style=\"flex-basis:25%\">\n<figure class=\"wp-block-image size-large\"><a href=\"https:\/\/www.purecurry.com\/es\/hojas-verdes-para-saag-nutricion\/\"><img loading=\"lazy\" decoding=\"async\" width=\"1024\" height=\"681\" src=\"https:\/\/www.purecurry.com\/wp-content\/uploads\/2016\/02\/RawSpinachInABag-1024x681.jpeg\" alt=\"Espinacas crudas en una bolsa\" class=\"wp-image-805\" style=\"aspect-ratio:4\/3;object-fit:cover\" srcset=\"https:\/\/www.purecurry.com\/wp-content\/uploads\/2016\/02\/RawSpinachInABag-1024x681.jpeg 1024w, https:\/\/www.purecurry.com\/wp-content\/uploads\/2016\/02\/RawSpinachInABag-300x199.jpeg 300w, https:\/\/www.purecurry.com\/wp-content\/uploads\/2016\/02\/RawSpinachInABag-768x511.jpeg 768w, https:\/\/www.purecurry.com\/wp-content\/uploads\/2016\/02\/RawSpinachInABag-750x500.jpeg 750w\" sizes=\"auto, (max-width: 1024px) 100vw, 1024px\" \/><\/a><\/figure>\n<\/div>\n\n\n\n<div class=\"wp-block-column is-layout-flow wp-block-column-is-layout-flow\" style=\"flex-basis:75%\">\n<p>Antes de que nada entre en la olla, es \u00fatil saber con qu\u00e9 se est\u00e1 trabajando. El <em>saag<\/em> no se limita a las espinacas ni a lo que se etiqueta como \u201cverduras indias\u201d en la tienda. En esta parte, exploramos c\u00f3mo las verduras tradicionales del <em>saag<\/em> se relacionan con las verduras occidentales familiares como la col rizada, la berza y las acelgas, y c\u00f3mo su estructura afecta el tiempo de cocci\u00f3n, la textura y el sabor. <\/p>\n\n\n\n<p>Tambi\u00e9n aprender\u00e1 por qu\u00e9 las verduras de hoja verde son fuentes nutricionales inagotables y c\u00f3mo las t\u00e9cnicas de cocci\u00f3n pueden ayudar a su cuerpo a absorber realmente esos nutrientes, sin que su <em>saag<\/em> se vuelva opaco o sin vida.<\/p>\n<\/div>\n<\/div>\n\n\n\n<div class=\"wp-block-buttons is-content-justification-center is-layout-flex wp-container-core-buttons-is-layout-a89b3969 wp-block-buttons-is-layout-flex\">\n<div class=\"wp-block-button has-custom-width wp-block-button__width-75\"><a class=\"wp-block-button__link has-text-align-center wp-element-button\" href=\"https:\/\/www.purecurry.com\/es\/hojas-verdes-para-saag-nutricion\/\"><strong>Leer la Parte 1: M\u00e1s all\u00e1 de las espinacas<\/strong><\/a><\/div>\n<\/div>\n<\/div>\n\n\n\n<div style=\"height:30px\" aria-hidden=\"true\" class=\"wp-block-spacer\"><\/div>\n\n\n\n<div class=\"wp-block-group has-global-padding is-layout-constrained wp-block-group-is-layout-constrained\">\n<h3 class=\"wp-block-heading\"><strong>Parte 2: Qu\u00edmica verde<\/strong><\/h3>\n\n\n\n<p><em>Estado: <em><em><em>En vivo<\/em><\/em><\/em><\/em><\/p>\n\n\n\n<div class=\"wp-block-columns is-layout-flex wp-container-core-columns-is-layout-28f84493 wp-block-columns-is-layout-flex\">\n<div class=\"wp-block-column is-layout-flow wp-block-column-is-layout-flow\" style=\"flex-basis:25%\">\n<figure class=\"wp-block-image size-large\"><a href=\"https:\/\/www.purecurry.com\/es\/como-cocinar-saag\/\"><img loading=\"lazy\" decoding=\"async\" width=\"1024\" height=\"681\" src=\"https:\/\/www.purecurry.com\/wp-content\/uploads\/2016\/02\/SpinachBlanching1-1024x681.jpeg\" alt=\"Escaldado de espinacas\" class=\"wp-image-819\" style=\"aspect-ratio:4\/3;object-fit:cover\" srcset=\"https:\/\/www.purecurry.com\/wp-content\/uploads\/2016\/02\/SpinachBlanching1-1024x681.jpeg 1024w, https:\/\/www.purecurry.com\/wp-content\/uploads\/2016\/02\/SpinachBlanching1-300x199.jpeg 300w, https:\/\/www.purecurry.com\/wp-content\/uploads\/2016\/02\/SpinachBlanching1-768x511.jpeg 768w, https:\/\/www.purecurry.com\/wp-content\/uploads\/2016\/02\/SpinachBlanching1-600x399.jpeg 600w, https:\/\/www.purecurry.com\/wp-content\/uploads\/2016\/02\/SpinachBlanching1-1536x1021.jpeg 1536w, https:\/\/www.purecurry.com\/wp-content\/uploads\/2016\/02\/SpinachBlanching1-2048x1362.jpeg 2048w, https:\/\/www.purecurry.com\/wp-content\/uploads\/2016\/02\/SpinachBlanching1-1320x878.jpeg 1320w\" sizes=\"auto, (max-width: 1024px) 100vw, 1024px\" \/><\/a><\/figure>\n<\/div>\n\n\n\n<div class=\"wp-block-column is-layout-flow wp-block-column-is-layout-flow\" style=\"flex-basis:75%\">\n<p>\u00bfPor qu\u00e9 el <em>saag<\/em> de restaurante se mantiene de color verde brillante, mientras que las versiones caseras a menudo se vuelven turbias o marrones? La respuesta est\u00e1 en c\u00f3mo las verduras responden al calor, la acidez y el tiempo. <\/p>\n\n\n\n<p>En esta secci\u00f3n, analizamos lo que les sucede a las verduras a medida que se cocinan: por qu\u00e9 se suaviza el amargor, c\u00f3mo se conserva o se pierde el color y c\u00f3mo manejar grandes vol\u00famenes de hojas sin cocinarlas demasiado. Aprender\u00e1 t\u00e9cnicas pr\u00e1cticas para mantener el <em>saag<\/em> fresco y vibrante, incluso cuando trabaje con verduras m\u00e1s resistentes. <\/p>\n<\/div>\n<\/div>\n\n\n\n<div class=\"wp-block-buttons is-content-justification-center is-layout-flex wp-container-core-buttons-is-layout-a89b3969 wp-block-buttons-is-layout-flex\">\n<div class=\"wp-block-button has-custom-width wp-block-button__width-75\"><a class=\"wp-block-button__link has-text-align-center wp-element-button\" href=\"https:\/\/www.purecurry.com\/es\/como-cocinar-saag\/\"><strong>Leer la Parte 2: Qu\u00edmica verde<\/strong><\/a><\/div>\n<\/div>\n<\/div>\n\n\n\n<div style=\"height:30px\" aria-hidden=\"true\" class=\"wp-block-spacer\"><\/div>\n\n\n\n<div class=\"wp-block-group has-global-padding is-layout-constrained wp-block-group-is-layout-constrained\">\n<h3 class=\"wp-block-heading\"><strong>Parte 3: La salsa fundamental<\/strong><\/h3>\n\n\n\n<p><em>Estado: <em><em>En vivo<\/em><\/em><\/em><\/p>\n\n\n\n<div class=\"wp-block-columns is-layout-flex wp-container-core-columns-is-layout-28f84493 wp-block-columns-is-layout-flex\">\n<div class=\"wp-block-column is-layout-flow wp-block-column-is-layout-flow\" style=\"flex-basis:25%\">\n<figure class=\"wp-block-image size-large\"><a href=\"https:\/\/www.purecurry.com\/es\/saag-salsa-base\/\"><img loading=\"lazy\" decoding=\"async\" width=\"1024\" height=\"681\" src=\"https:\/\/www.purecurry.com\/wp-content\/uploads\/2016\/02\/SaagPaneer_Step8-1024x681.jpeg\" alt=\"Paneer de espinacas y saag\" class=\"wp-image-813\" style=\"aspect-ratio:4\/3;object-fit:cover\" srcset=\"https:\/\/www.purecurry.com\/wp-content\/uploads\/2016\/02\/SaagPaneer_Step8-1024x681.jpeg 1024w, https:\/\/www.purecurry.com\/wp-content\/uploads\/2016\/02\/SaagPaneer_Step8-300x199.jpeg 300w, https:\/\/www.purecurry.com\/wp-content\/uploads\/2016\/02\/SaagPaneer_Step8-768x511.jpeg 768w, https:\/\/www.purecurry.com\/wp-content\/uploads\/2016\/02\/SaagPaneer_Step8-600x399.jpeg 600w, https:\/\/www.purecurry.com\/wp-content\/uploads\/2016\/02\/SaagPaneer_Step8-1536x1021.jpeg 1536w, https:\/\/www.purecurry.com\/wp-content\/uploads\/2016\/02\/SaagPaneer_Step8-2048x1362.jpeg 2048w, https:\/\/www.purecurry.com\/wp-content\/uploads\/2016\/02\/SaagPaneer_Step8-1320x878.jpeg 1320w\" sizes=\"auto, (max-width: 1024px) 100vw, 1024px\" \/><\/a><\/figure>\n<\/div>\n\n\n\n<div class=\"wp-block-column is-layout-flow wp-block-column-is-layout-flow\" style=\"flex-basis:75%\">\n<p>Una vez que comprenda las verduras y la t\u00e9cnica, el <em>saag<\/em> se convierte en una base poderosa. En la Parte 3, reunimos todo para mostrar c\u00f3mo una base de <em>saag<\/em> bien hecha se puede adaptar para paneer, carne (<em>gosht<\/em>), patatas (<em>aloo<\/em>) y m\u00e1s. <\/p>\n\n\n\n<p>Tambi\u00e9n exploraremos las variaciones regionales y por qu\u00e9 ciertas combinaciones funcionan tan bien, como el mordisco \u00e1spero del <em>makki ki roti<\/em> junto con la riqueza suave y reconfortante del <em>saag<\/em>. Aqu\u00ed es donde la t\u00e9cnica se une a la tradici\u00f3n, y donde el <em>saag<\/em> se convierte en algo m\u00e1s que una guarnici\u00f3n. <\/p>\n<\/div>\n<\/div>\n\n\n\n<div class=\"wp-block-buttons is-content-justification-center is-layout-flex wp-container-core-buttons-is-layout-a89b3969 wp-block-buttons-is-layout-flex\">\n<div class=\"wp-block-button has-custom-width wp-block-button__width-75\"><a class=\"wp-block-button__link has-text-align-center wp-element-button\" href=\"https:\/\/www.purecurry.com\/es\/saag-salsa-base\/\"><strong>Leer la Parte 3: La salsa fundamental<\/strong><\/a><\/div>\n<\/div>\n<\/div>\n\n\n\n<div style=\"height:30px\" aria-hidden=\"true\" class=\"wp-block-spacer\"><\/div>\n<\/div>\n","protected":false},"excerpt":{"rendered":"<p>El saag multidimensional En el mundo de la cocina india, pocos platos se entienden tan mal como el saag. Con demasiada frecuencia, se describe como \u201cespinacas a la crema\u201d, cuando, en realidad, el saag es un m\u00e9todo: una forma reflexiva y adaptable de cocinar verduras de hoja verde que var\u00eda seg\u00fan la regi\u00f3n, la estaci\u00f3n [&hellip;]<\/p>\n","protected":false},"author":1,"featured_media":9701,"parent":7606,"menu_order":0,"comment_status":"closed","ping_status":"closed","template":"","meta":{"nf_dc_page":"","wprm-recipe-roundup-name":"","wprm-recipe-roundup-description":"","footnotes":""},"class_list":["post-7629","page","type-page","status-publish","has-post-thumbnail","hentry"],"yoast_head":"<!-- This site is optimized with the Yoast SEO plugin v27.2 - https:\/\/yoast.com\/product\/yoast-seo-wordpress\/ -->\n<title>La Ciencia del Saag: Dominar el Curry Verde - Pure Curry<\/title>\n<meta name=\"robots\" content=\"index, follow, max-snippet:-1, max-image-preview:large, max-video-preview:-1\" \/>\n<link rel=\"canonical\" href=\"https:\/\/www.purecurry.com\/es\/aprende\/la-ciencia-del-saag\/\" \/>\n<meta property=\"og:locale\" content=\"es_ES\" \/>\n<meta property=\"og:type\" content=\"article\" \/>\n<meta property=\"og:title\" content=\"La Ciencia del Saag: Dominar el Curry Verde - Pure Curry\" \/>\n<meta property=\"og:description\" content=\"El saag multidimensional En el mundo de la cocina india, pocos platos se entienden tan mal como el saag. Con demasiada frecuencia, se describe como \u201cespinacas a la crema\u201d, cuando, en realidad, el saag es un m\u00e9todo: una forma reflexiva y adaptable de cocinar verduras de hoja verde que var\u00eda seg\u00fan la regi\u00f3n, la estaci\u00f3n [&hellip;]\" \/>\n<meta property=\"og:url\" content=\"https:\/\/www.purecurry.com\/es\/aprende\/la-ciencia-del-saag\/\" \/>\n<meta property=\"og:site_name\" content=\"Pure Curry\" \/>\n<meta property=\"article:modified_time\" content=\"2026-01-26T18:44:33+00:00\" \/>\n<meta property=\"og:image\" content=\"https:\/\/www.purecurry.com\/wp-content\/uploads\/2026\/01\/assorted-greens-top-down-1024x557.webp\" \/>\n\t<meta property=\"og:image:width\" content=\"1024\" \/>\n\t<meta property=\"og:image:height\" content=\"557\" \/>\n\t<meta property=\"og:image:type\" content=\"image\/webp\" \/>\n<meta name=\"twitter:card\" content=\"summary_large_image\" \/>\n<meta name=\"twitter:label1\" content=\"Tiempo de lectura\" \/>\n\t<meta name=\"twitter:data1\" content=\"3 minutos\" \/>\n<script type=\"application\/ld+json\" class=\"yoast-schema-graph\">{\"@context\":\"https:\/\/schema.org\",\"@graph\":[{\"@type\":\"WebPage\",\"@id\":\"https:\/\/www.purecurry.com\/es\/aprende\/la-ciencia-del-saag\/\",\"url\":\"https:\/\/www.purecurry.com\/es\/aprende\/la-ciencia-del-saag\/\",\"name\":\"La Ciencia del Saag: Dominar el Curry Verde - Pure Curry\",\"isPartOf\":{\"@id\":\"https:\/\/www.purecurry.com\/#website\"},\"primaryImageOfPage\":{\"@id\":\"https:\/\/www.purecurry.com\/es\/aprende\/la-ciencia-del-saag\/#primaryimage\"},\"image\":{\"@id\":\"https:\/\/www.purecurry.com\/es\/aprende\/la-ciencia-del-saag\/#primaryimage\"},\"thumbnailUrl\":\"https:\/\/www.purecurry.com\/wp-content\/uploads\/2026\/03\/assorted-greens-top-down.webp\",\"datePublished\":\"2026-01-26T15:00:52+00:00\",\"dateModified\":\"2026-01-26T18:44:33+00:00\",\"breadcrumb\":{\"@id\":\"https:\/\/www.purecurry.com\/es\/aprende\/la-ciencia-del-saag\/#breadcrumb\"},\"inLanguage\":\"es\",\"potentialAction\":[{\"@type\":\"ReadAction\",\"target\":[\"https:\/\/www.purecurry.com\/es\/aprende\/la-ciencia-del-saag\/\"]}]},{\"@type\":\"ImageObject\",\"inLanguage\":\"es\",\"@id\":\"https:\/\/www.purecurry.com\/es\/aprende\/la-ciencia-del-saag\/#primaryimage\",\"url\":\"https:\/\/www.purecurry.com\/wp-content\/uploads\/2026\/03\/assorted-greens-top-down.webp\",\"contentUrl\":\"https:\/\/www.purecurry.com\/wp-content\/uploads\/2026\/03\/assorted-greens-top-down.webp\",\"width\":2174,\"height\":1183},{\"@type\":\"BreadcrumbList\",\"@id\":\"https:\/\/www.purecurry.com\/es\/aprende\/la-ciencia-del-saag\/#breadcrumb\",\"itemListElement\":[{\"@type\":\"ListItem\",\"position\":1,\"name\":\"Home\",\"item\":\"https:\/\/www.purecurry.com\/es\/\"},{\"@type\":\"ListItem\",\"position\":2,\"name\":\"Centro de Aprendizaje de Pure Curry\",\"item\":\"https:\/\/www.purecurry.com\/es\/aprende\/\"},{\"@type\":\"ListItem\",\"position\":3,\"name\":\"La Ciencia del Saag: Dominar el Curry Verde\"}]},{\"@type\":\"WebSite\",\"@id\":\"https:\/\/www.purecurry.com\/#website\",\"url\":\"https:\/\/www.purecurry.com\/\",\"name\":\"Pure Curry\",\"description\":\"Aprende. Crea. Saborea.\",\"publisher\":{\"@id\":\"https:\/\/www.purecurry.com\/#organization\"},\"potentialAction\":[{\"@type\":\"SearchAction\",\"target\":{\"@type\":\"EntryPoint\",\"urlTemplate\":\"https:\/\/www.purecurry.com\/?s={search_term_string}\"},\"query-input\":{\"@type\":\"PropertyValueSpecification\",\"valueRequired\":true,\"valueName\":\"search_term_string\"}}],\"inLanguage\":\"es\"},{\"@type\":\"Organization\",\"@id\":\"https:\/\/www.purecurry.com\/#organization\",\"name\":\"PureCurry.com\",\"url\":\"https:\/\/www.purecurry.com\/\",\"logo\":{\"@type\":\"ImageObject\",\"inLanguage\":\"es\",\"@id\":\"https:\/\/www.purecurry.com\/#\/schema\/logo\/image\/\",\"url\":\"https:\/\/www.purecurry.com\/wp-content\/uploads\/2018\/07\/PureCurryLogo-v2-512x512.png\",\"contentUrl\":\"https:\/\/www.purecurry.com\/wp-content\/uploads\/2018\/07\/PureCurryLogo-v2-512x512.png\",\"width\":510,\"height\":508,\"caption\":\"PureCurry.com\"},\"image\":{\"@id\":\"https:\/\/www.purecurry.com\/#\/schema\/logo\/image\/\"}}]}<\/script>\n<!-- \/ Yoast SEO plugin. -->","yoast_head_json":{"title":"La Ciencia del Saag: Dominar el Curry Verde - Pure Curry","robots":{"index":"index","follow":"follow","max-snippet":"max-snippet:-1","max-image-preview":"max-image-preview:large","max-video-preview":"max-video-preview:-1"},"canonical":"https:\/\/www.purecurry.com\/es\/aprende\/la-ciencia-del-saag\/","og_locale":"es_ES","og_type":"article","og_title":"La Ciencia del Saag: Dominar el Curry Verde - Pure Curry","og_description":"El saag multidimensional En el mundo de la cocina india, pocos platos se entienden tan mal como el saag. Con demasiada frecuencia, se describe como \u201cespinacas a la crema\u201d, cuando, en realidad, el saag es un m\u00e9todo: una forma reflexiva y adaptable de cocinar verduras de hoja verde que var\u00eda seg\u00fan la regi\u00f3n, la estaci\u00f3n [&hellip;]","og_url":"https:\/\/www.purecurry.com\/es\/aprende\/la-ciencia-del-saag\/","og_site_name":"Pure Curry","article_modified_time":"2026-01-26T18:44:33+00:00","og_image":[{"width":1024,"height":557,"url":"https:\/\/www.purecurry.com\/wp-content\/uploads\/2026\/01\/assorted-greens-top-down-1024x557.webp","type":"image\/webp"}],"twitter_card":"summary_large_image","twitter_misc":{"Tiempo de lectura":"3 minutos"},"schema":{"@context":"https:\/\/schema.org","@graph":[{"@type":"WebPage","@id":"https:\/\/www.purecurry.com\/es\/aprende\/la-ciencia-del-saag\/","url":"https:\/\/www.purecurry.com\/es\/aprende\/la-ciencia-del-saag\/","name":"La Ciencia del Saag: Dominar el Curry Verde - Pure Curry","isPartOf":{"@id":"https:\/\/www.purecurry.com\/#website"},"primaryImageOfPage":{"@id":"https:\/\/www.purecurry.com\/es\/aprende\/la-ciencia-del-saag\/#primaryimage"},"image":{"@id":"https:\/\/www.purecurry.com\/es\/aprende\/la-ciencia-del-saag\/#primaryimage"},"thumbnailUrl":"https:\/\/www.purecurry.com\/wp-content\/uploads\/2026\/03\/assorted-greens-top-down.webp","datePublished":"2026-01-26T15:00:52+00:00","dateModified":"2026-01-26T18:44:33+00:00","breadcrumb":{"@id":"https:\/\/www.purecurry.com\/es\/aprende\/la-ciencia-del-saag\/#breadcrumb"},"inLanguage":"es","potentialAction":[{"@type":"ReadAction","target":["https:\/\/www.purecurry.com\/es\/aprende\/la-ciencia-del-saag\/"]}]},{"@type":"ImageObject","inLanguage":"es","@id":"https:\/\/www.purecurry.com\/es\/aprende\/la-ciencia-del-saag\/#primaryimage","url":"https:\/\/www.purecurry.com\/wp-content\/uploads\/2026\/03\/assorted-greens-top-down.webp","contentUrl":"https:\/\/www.purecurry.com\/wp-content\/uploads\/2026\/03\/assorted-greens-top-down.webp","width":2174,"height":1183},{"@type":"BreadcrumbList","@id":"https:\/\/www.purecurry.com\/es\/aprende\/la-ciencia-del-saag\/#breadcrumb","itemListElement":[{"@type":"ListItem","position":1,"name":"Home","item":"https:\/\/www.purecurry.com\/es\/"},{"@type":"ListItem","position":2,"name":"Centro de Aprendizaje de Pure Curry","item":"https:\/\/www.purecurry.com\/es\/aprende\/"},{"@type":"ListItem","position":3,"name":"La Ciencia del Saag: Dominar el Curry Verde"}]},{"@type":"WebSite","@id":"https:\/\/www.purecurry.com\/#website","url":"https:\/\/www.purecurry.com\/","name":"Pure Curry","description":"Aprende. Crea. Saborea.","publisher":{"@id":"https:\/\/www.purecurry.com\/#organization"},"potentialAction":[{"@type":"SearchAction","target":{"@type":"EntryPoint","urlTemplate":"https:\/\/www.purecurry.com\/?s={search_term_string}"},"query-input":{"@type":"PropertyValueSpecification","valueRequired":true,"valueName":"search_term_string"}}],"inLanguage":"es"},{"@type":"Organization","@id":"https:\/\/www.purecurry.com\/#organization","name":"PureCurry.com","url":"https:\/\/www.purecurry.com\/","logo":{"@type":"ImageObject","inLanguage":"es","@id":"https:\/\/www.purecurry.com\/#\/schema\/logo\/image\/","url":"https:\/\/www.purecurry.com\/wp-content\/uploads\/2018\/07\/PureCurryLogo-v2-512x512.png","contentUrl":"https:\/\/www.purecurry.com\/wp-content\/uploads\/2018\/07\/PureCurryLogo-v2-512x512.png","width":510,"height":508,"caption":"PureCurry.com"},"image":{"@id":"https:\/\/www.purecurry.com\/#\/schema\/logo\/image\/"}}]}},"_links":{"self":[{"href":"https:\/\/www.purecurry.com\/es\/wp-json\/wp\/v2\/pages\/7629","targetHints":{"allow":["GET"]}}],"collection":[{"href":"https:\/\/www.purecurry.com\/es\/wp-json\/wp\/v2\/pages"}],"about":[{"href":"https:\/\/www.purecurry.com\/es\/wp-json\/wp\/v2\/types\/page"}],"author":[{"embeddable":true,"href":"https:\/\/www.purecurry.com\/es\/wp-json\/wp\/v2\/users\/1"}],"replies":[{"embeddable":true,"href":"https:\/\/www.purecurry.com\/es\/wp-json\/wp\/v2\/comments?post=7629"}],"version-history":[{"count":5,"href":"https:\/\/www.purecurry.com\/es\/wp-json\/wp\/v2\/pages\/7629\/revisions"}],"predecessor-version":[{"id":7655,"href":"https:\/\/www.purecurry.com\/es\/wp-json\/wp\/v2\/pages\/7629\/revisions\/7655"}],"up":[{"embeddable":true,"href":"https:\/\/www.purecurry.com\/es\/wp-json\/wp\/v2\/pages\/7606"}],"wp:featuredmedia":[{"embeddable":true,"href":"https:\/\/www.purecurry.com\/es\/wp-json\/wp\/v2\/media\/9701"}],"wp:attachment":[{"href":"https:\/\/www.purecurry.com\/es\/wp-json\/wp\/v2\/media?parent=7629"}],"curies":[{"name":"wp","href":"https:\/\/api.w.org\/{rel}","templated":true}]}}