{"id":7606,"date":"2026-01-25T17:51:01","date_gmt":"2026-01-25T22:51:01","guid":{"rendered":"https:\/\/www.purecurry.com\/biblioteca-de-aprendizaje-de-pure-curry\/"},"modified":"2026-03-06T11:01:28","modified_gmt":"2026-03-06T16:01:28","slug":"aprende","status":"publish","type":"page","link":"https:\/\/www.purecurry.com\/es\/aprende\/","title":{"rendered":"Centro de Aprendizaje de Pure Curry"},"content":{"rendered":"\n<div style=\"background-image:url(&apos;https:\/\/www.purecurry.com\/wp-content\/themes\/pure-curry-theme\/assets\/images\/pc-spices-banner.png&apos;);background-size:cover;background-attachment:scroll;\" class=\"wp-block-group alignfull has-global-padding is-layout-constrained wp-block-group-is-layout-constrained has-background\">\n<div class=\"wp-block-cover alignfull has-basmati-rice-color has-text-color has-link-color wp-elements-896cbbbaccc9f5f6e5facc9996806a63\" style=\"min-height:133px;aspect-ratio:unset;\"><img decoding=\"async\" class=\"wp-block-cover__image-background wp-image-7296 size-full\" alt=\"\" src=\"https:\/\/www.purecurry.com\/wp-content\/uploads\/2026\/01\/learning-library-hero.png\" data-object-fit=\"cover\"\/><span aria-hidden=\"true\" class=\"wp-block-cover__background has-background-dim-30 has-background-dim\"><\/span><div class=\"wp-block-cover__inner-container has-global-padding is-layout-constrained wp-block-cover-is-layout-constrained\">\n<p class=\"has-text-align-center has-lobster-font-family has-x-large-font-size\">Centro de Aprendizaje de Pure Curry<\/p>\n\n\n\n<blockquote class=\"wp-block-quote has-medium-font-size is-layout-flow wp-block-quote-is-layout-flow\">\n<p class=\"has-text-align-center has-serif-font-family\"><em>En Pure Curry, cocinar no consiste en seguir recetas, sino en entenderlas. <\/em><\/p>\n<\/blockquote>\n<\/div><\/div>\n<\/div>\n\n<div class=\"wp-block-group has-global-padding is-layout-constrained wp-block-group-is-layout-constrained\">\n<h2 class=\"wp-block-heading\">Una base en aut\u00e9nticos sabores indios<\/h2>\n\n\n\n<p>En Pure Curry, creemos que cualquiera puede cocinar comida india de primera clase en casa cuando comprende los principios fundamentales. La biblioteca de aprendizaje es una colecci\u00f3n seleccionada de gu\u00edas detalladas creadas para cocineros curiosos que desean ir m\u00e1s all\u00e1 de las recetas. <\/p>\n\n\n\n<p>Aqu\u00ed encontrar\u00e1 inmersiones profundas en los elementos esenciales de la cocina india: c\u00f3mo identificar y cocinar diferentes lentejas, la ciencia detr\u00e1s de la floraci\u00f3n de las especias en aceite, c\u00f3mo construir una base de curry vers\u00e1til y c\u00f3mo trabajar con ingredientes espec\u00edficos con confianza.<\/p>\n\n\n\n<p>En lugar de depender de medidas r\u00edgidas, nuestras gu\u00edas se centran en las se\u00f1ales sensoriales que le indican cu\u00e1ndo un plato est\u00e1 realmente listo: el color de un masala terminado, el aroma del comino perfectamente tostado, la textura correcta de un frijol cocido y la mejor manera de tratar cada ingrediente. Explore la biblioteca a continuaci\u00f3n y comience su viaje para dominar la cocina india. <\/p>\n<\/div>\n\n<div class=\"wp-block-group has-global-padding is-layout-constrained wp-block-group-is-layout-constrained\">\n<div class=\"wp-block-columns is-layout-flex wp-container-core-columns-is-layout-28f84493 wp-block-columns-is-layout-flex\">\n<div class=\"wp-block-column is-vertically-aligned-center is-layout-flow wp-block-column-is-layout-flow\">\n<div class=\"wp-block-group has-global-padding is-layout-constrained wp-block-group-is-layout-constrained\">\n<figure class=\"wp-block-image size-large\"><a href=\"https:\/\/www.purecurry.com\/es\/aprende\/serie-descifrando-el-dal-clase-magistral\/\"><img decoding=\"async\" src=\"https:\/\/www.purecurry.com\/wp-content\/uploads\/2026\/01\/Beans-and-Lentils-FlatLay-1-1024x531.png\" alt=\"\" class=\"wp-image-7203\" style=\"aspect-ratio:1;object-fit:cover\"\/><\/a><\/figure>\n\n\n\n<h3 class=\"wp-block-heading\">Descifrando el Dal: Una clase magistral de lentejas indias<\/h3>\n\n\n\n<p>Aprende los fundamentos de las lentejas indias: los diferentes tipos, c\u00f3mo cocinar cada uno y t\u00e9cnicas como tadka y <em>dhungar <\/em>para darles sabor con confianza.<\/p>\n\n\n\n<div class=\"wp-block-buttons is-content-justification-center is-layout-flex wp-container-core-buttons-is-layout-a89b3969 wp-block-buttons-is-layout-flex\">\n<div class=\"wp-block-button\"><a class=\"wp-block-button__link wp-element-button\" href=\"https:\/\/www.purecurry.com\/es\/aprende\/serie-descifrando-el-dal-clase-magistral\/\">Leer ahora<\/a><\/div>\n<\/div>\n<\/div>\n<\/div>\n\n\n\n<div class=\"wp-block-column is-layout-flow wp-block-column-is-layout-flow\">\n<div class=\"wp-block-group has-global-padding is-layout-constrained wp-block-group-is-layout-constrained\">\n<figure class=\"wp-block-image size-large\"><a href=\"https:\/\/www.purecurry.com\/es\/aprende\/dominar-el-amargor-la-ciencia-del-karela\/\"><img loading=\"lazy\" decoding=\"async\" width=\"1024\" height=\"681\" src=\"https:\/\/www.purecurry.com\/wp-content\/uploads\/2017\/06\/KarelaRaw-3-1024x681.jpeg\" alt=\"Mel&#xF3;n amargo indio (Karela)\" class=\"wp-image-2110\" style=\"aspect-ratio:1;object-fit:cover\" srcset=\"https:\/\/www.purecurry.com\/wp-content\/uploads\/2017\/06\/KarelaRaw-3-1024x681.jpeg 1024w, https:\/\/www.purecurry.com\/wp-content\/uploads\/2017\/06\/KarelaRaw-3-300x199.jpeg 300w, https:\/\/www.purecurry.com\/wp-content\/uploads\/2017\/06\/KarelaRaw-3-768x511.jpeg 768w, https:\/\/www.purecurry.com\/wp-content\/uploads\/2017\/06\/KarelaRaw-3-600x399.jpeg 600w, https:\/\/www.purecurry.com\/wp-content\/uploads\/2017\/06\/KarelaRaw-3-750x500.jpeg 750w\" sizes=\"auto, (max-width: 1024px) 100vw, 1024px\" \/><\/a><\/figure>\n\n\n\n<h3 class=\"wp-block-heading\">Dominar el amargor: La ciencia del mel\u00f3n amargo <em>(Karela<\/em>)<\/h3>\n\n\n\n<p>Aprenda a seleccionar, preparar y cocinar karela para que esta verdura desafiante se convierta en una comida sabrosa y saludable.<\/p>\n\n\n\n<div class=\"wp-block-buttons is-content-justification-center is-layout-flex wp-container-core-buttons-is-layout-a89b3969 wp-block-buttons-is-layout-flex\">\n<div class=\"wp-block-button\"><a class=\"wp-block-button__link wp-element-button\" href=\"https:\/\/www.purecurry.com\/es\/aprende\/dominar-el-amargor-la-ciencia-del-karela\/\">Leer ahora<\/a><\/div>\n<\/div>\n<\/div>\n<\/div>\n\n\n\n<div class=\"wp-block-column is-layout-flow wp-block-column-is-layout-flow\">\n<div class=\"wp-block-group has-global-padding is-layout-constrained wp-block-group-is-layout-constrained\">\n<figure class=\"wp-block-image size-large\"><a href=\"https:\/\/www.purecurry.com\/wp-content\/uploads\/2017\/04\/Spices_Array4.jpeg\"><img loading=\"lazy\" decoding=\"async\" width=\"1024\" height=\"634\" src=\"https:\/\/www.purecurry.com\/wp-content\/uploads\/2017\/04\/Spices_Array4-1024x634.jpeg\" alt=\"semillas de comino, cardamomo, semillas de mostaza, granos de pimienta, semillas de alcaravea, semillas de hinojo, semillas de fenogreco\" class=\"wp-image-1936\" style=\"aspect-ratio:1;object-fit:cover\" srcset=\"https:\/\/www.purecurry.com\/wp-content\/uploads\/2017\/04\/Spices_Array4-1024x634.jpeg 1024w, https:\/\/www.purecurry.com\/wp-content\/uploads\/2017\/04\/Spices_Array4-300x186.jpeg 300w, https:\/\/www.purecurry.com\/wp-content\/uploads\/2017\/04\/Spices_Array4-768x476.jpeg 768w, https:\/\/www.purecurry.com\/wp-content\/uploads\/2017\/04\/Spices_Array4-600x372.jpeg 600w\" sizes=\"auto, (max-width: 1024px) 100vw, 1024px\" \/><\/a><\/figure>\n\n\n\n<h3 class=\"wp-block-heading\">Ciencia de las especias: Una gu\u00eda de las especias indias<\/h3>\n\n\n\n<p>Domine los principios del sabor, el aroma y el equilibrio de las especias para que pueda sazonar con intenci\u00f3n.<\/p>\n\n\n\n<div class=\"wp-block-buttons is-content-justification-center is-layout-flex wp-container-core-buttons-is-layout-a89b3969 wp-block-buttons-is-layout-flex\">\n<div class=\"wp-block-button\"><a class=\"wp-block-button__link wp-element-button\">Pr\u00f3ximamente&#8230;<\/a><\/div>\n<\/div>\n<\/div>\n<\/div>\n<\/div>\n\n\n\n<div class=\"wp-block-columns is-layout-flex wp-container-core-columns-is-layout-28f84493 wp-block-columns-is-layout-flex\">\n<div class=\"wp-block-column is-vertically-aligned-center is-layout-flow wp-block-column-is-layout-flow\">\n<div class=\"wp-block-group has-global-padding is-layout-constrained wp-block-group-is-layout-constrained\">\n<figure class=\"wp-block-image size-large\"><a href=\"https:\/\/www.purecurry.com\/es\/aprende\/la-ciencia-del-saag\/\"><img loading=\"lazy\" decoding=\"async\" width=\"1024\" height=\"681\" src=\"https:\/\/www.purecurry.com\/wp-content\/uploads\/2016\/02\/RawSpinachInABag-1024x681.jpeg\" alt=\"Espinacas crudas en una bolsa\" class=\"wp-image-805\" style=\"aspect-ratio:1;object-fit:cover\" srcset=\"https:\/\/www.purecurry.com\/wp-content\/uploads\/2016\/02\/RawSpinachInABag-1024x681.jpeg 1024w, https:\/\/www.purecurry.com\/wp-content\/uploads\/2016\/02\/RawSpinachInABag-300x199.jpeg 300w, https:\/\/www.purecurry.com\/wp-content\/uploads\/2016\/02\/RawSpinachInABag-768x511.jpeg 768w, https:\/\/www.purecurry.com\/wp-content\/uploads\/2016\/02\/RawSpinachInABag-750x500.jpeg 750w\" sizes=\"auto, (max-width: 1024px) 100vw, 1024px\" \/><\/a><\/figure>\n\n\n\n<h3 class=\"wp-block-heading\">La Ciencia del <em>Saag<\/em>: Dominar el Curry Verde<\/h3>\n\n\n\n<p class=\"has-text-align-left\">El <em>saag <\/em>es m\u00e1s que un solo plato: es una forma probada a lo largo del tiempo de transformar las verduras de hoja verde en algo rico, equilibrado y profundamente satisfactorio. En esta serie de tres partes, aprender\u00e1s c\u00f3mo se comportan los distintos tipos de hojas en la olla, c\u00f3mo t\u00e9cnicas sencillas influyen en el color y el sabor, y c\u00f3mo un <em>saag<\/em> bien preparado se convierte en la base de innumerables comidas. <\/p>\n\n\n\n<div class=\"wp-block-buttons is-content-justification-center is-layout-flex wp-container-core-buttons-is-layout-a89b3969 wp-block-buttons-is-layout-flex\">\n<div class=\"wp-block-button\"><a class=\"wp-block-button__link wp-element-button\" href=\"https:\/\/www.purecurry.com\/es\/aprende\/la-ciencia-del-saag\/\">Leer ahora<\/a><\/div>\n<\/div>\n<\/div>\n<\/div>\n\n\n\n<div class=\"wp-block-column is-layout-flow wp-block-column-is-layout-flow\">\n<div class=\"wp-block-group has-global-padding is-layout-constrained wp-block-group-is-layout-constrained\">\n<figure class=\"wp-block-image size-full\"><a href=\"&lt;!--[CDATA[https:\/\/www.purecurry.com\/learn\/foundational-indian-sauces\/]]--&gt;\"><img decoding=\"async\" src=\"https:\/\/www.purecurry.com\/wp-content\/uploads\/2026\/01\/indian-sauces-topdown.png\" alt=\"\" class=\"wp-image-7406\" style=\"aspect-ratio:1;object-fit:cover\"\/><\/a><\/figure>\n\n\n\n<h3 class=\"wp-block-heading\">Las bases de las salsas indias<\/h3>\n\n\n\n<p>Domine los bloques de construcci\u00f3n de las salsas indias a trav\u00e9s del sabor y la t\u00e9cnica.<\/p>\n\n\n\n<div class=\"wp-block-buttons is-content-justification-center is-layout-flex wp-container-core-buttons-is-layout-a89b3969 wp-block-buttons-is-layout-flex\">\n<div class=\"wp-block-button\"><a class=\"wp-block-button__link wp-element-button\" href=\"https:\/\/www.purecurry.com\/es\/aprende\/las-bases-de-las-salsas-indias\/\">Pr\u00f3ximamente&#8230;<\/a><\/div>\n<\/div>\n<\/div>\n<\/div>\n\n\n\n<div class=\"wp-block-column is-layout-flow wp-block-column-is-layout-flow\">\n<div class=\"wp-block-group has-global-padding is-layout-constrained wp-block-group-is-layout-constrained\">\n<figure class=\"wp-block-image size-large\"><img loading=\"lazy\" decoding=\"async\" width=\"1024\" height=\"577\" src=\"https:\/\/www.purecurry.com\/wp-content\/uploads\/2026\/02\/TandooriPlatter-Mirchi-and-Mime-Mumbai-1024x577.webp\" alt=\"\" class=\"wp-image-8216\" style=\"aspect-ratio:1;object-fit:cover\" srcset=\"https:\/\/www.purecurry.com\/wp-content\/uploads\/2026\/02\/TandooriPlatter-Mirchi-and-Mime-Mumbai-1024x577.webp 1024w, https:\/\/www.purecurry.com\/wp-content\/uploads\/2026\/02\/TandooriPlatter-Mirchi-and-Mime-Mumbai-300x169.webp 300w, https:\/\/www.purecurry.com\/wp-content\/uploads\/2026\/02\/TandooriPlatter-Mirchi-and-Mime-Mumbai-768x432.webp 768w, https:\/\/www.purecurry.com\/wp-content\/uploads\/2026\/02\/TandooriPlatter-Mirchi-and-Mime-Mumbai-600x338.webp 600w, https:\/\/www.purecurry.com\/wp-content\/uploads\/2026\/02\/TandooriPlatter-Mirchi-and-Mime-Mumbai-1536x865.webp 1536w, https:\/\/www.purecurry.com\/wp-content\/uploads\/2026\/02\/TandooriPlatter-Mirchi-and-Mime-Mumbai-480x270.webp 480w, https:\/\/www.purecurry.com\/wp-content\/uploads\/2026\/02\/TandooriPlatter-Mirchi-and-Mime-Mumbai-1320x743.webp 1320w, https:\/\/www.purecurry.com\/wp-content\/uploads\/2026\/02\/TandooriPlatter-Mirchi-and-Mime-Mumbai.webp 1600w\" sizes=\"auto, (max-width: 1024px) 100vw, 1024px\" \/><\/figure>\n\n\n\n<h3 class=\"wp-block-heading\">Cocina Tandoori<\/h3>\n\n\n\n<p>Aprende los secretos de la marinada tandoori: consejos de marinado en dos pasos para lograr pollo y cordero tiernos y llenos de sabor.<\/p>\n\n\n\n<div class=\"wp-block-buttons is-content-justification-center is-layout-flex wp-container-core-buttons-is-layout-a89b3969 wp-block-buttons-is-layout-flex\">\n<div class=\"wp-block-button\"><a class=\"wp-block-button__link wp-element-button\" href=\"https:\/\/www.purecurry.com\/es\/cocina-tandoori\/\">Leer ahora<\/a><\/div>\n<\/div>\n<\/div>\n<\/div>\n<\/div>\n<\/div>\n","protected":false},"excerpt":{"rendered":"<p>Una base en aut\u00e9nticos sabores indios En Pure Curry, creemos que cualquiera puede cocinar comida india de primera clase en casa cuando comprende los principios fundamentales. La biblioteca de aprendizaje es una colecci\u00f3n seleccionada de gu\u00edas detalladas creadas para cocineros curiosos que desean ir m\u00e1s all\u00e1 de las recetas. Aqu\u00ed encontrar\u00e1 inmersiones profundas en los [&hellip;]<\/p>\n","protected":false},"author":1,"featured_media":9705,"parent":0,"menu_order":0,"comment_status":"closed","ping_status":"closed","template":"","meta":{"nf_dc_page":"","wprm-recipe-roundup-name":"","wprm-recipe-roundup-description":"","footnotes":""},"class_list":["post-7606","page","type-page","status-publish","has-post-thumbnail","hentry"],"yoast_head":"<!-- This site is optimized with the Yoast SEO plugin v27.2 - https:\/\/yoast.com\/product\/yoast-seo-wordpress\/ -->\n<title>Centro de Aprendizaje de Pure Curry - Pure Curry<\/title>\n<meta name=\"robots\" content=\"index, follow, max-snippet:-1, max-image-preview:large, max-video-preview:-1\" \/>\n<link rel=\"canonical\" href=\"https:\/\/www.purecurry.com\/es\/aprende\/\" \/>\n<meta property=\"og:locale\" content=\"es_ES\" \/>\n<meta property=\"og:type\" content=\"article\" \/>\n<meta property=\"og:title\" content=\"Centro de Aprendizaje de Pure Curry - Pure Curry\" \/>\n<meta property=\"og:description\" content=\"Una base en aut\u00e9nticos sabores indios En Pure Curry, creemos que cualquiera puede cocinar comida india de primera clase en casa cuando comprende los principios fundamentales. La biblioteca de aprendizaje es una colecci\u00f3n seleccionada de gu\u00edas detalladas creadas para cocineros curiosos que desean ir m\u00e1s all\u00e1 de las recetas. Aqu\u00ed encontrar\u00e1 inmersiones profundas en los [&hellip;]\" \/>\n<meta property=\"og:url\" content=\"https:\/\/www.purecurry.com\/es\/aprende\/\" \/>\n<meta property=\"og:site_name\" content=\"Pure Curry\" \/>\n<meta property=\"article:modified_time\" content=\"2026-03-06T16:01:28+00:00\" \/>\n<meta name=\"twitter:card\" content=\"summary_large_image\" \/>\n<meta name=\"twitter:label1\" content=\"Tiempo de lectura\" \/>\n\t<meta name=\"twitter:data1\" content=\"3 minutos\" \/>\n<script type=\"application\/ld+json\" class=\"yoast-schema-graph\">{\"@context\":\"https:\/\/schema.org\",\"@graph\":[{\"@type\":\"WebPage\",\"@id\":\"https:\/\/www.purecurry.com\/es\/aprende\/\",\"url\":\"https:\/\/www.purecurry.com\/es\/aprende\/\",\"name\":\"Centro de Aprendizaje de Pure Curry - Pure Curry\",\"isPartOf\":{\"@id\":\"https:\/\/www.purecurry.com\/#website\"},\"primaryImageOfPage\":{\"@id\":\"https:\/\/www.purecurry.com\/es\/aprende\/#primaryimage\"},\"image\":{\"@id\":\"https:\/\/www.purecurry.com\/es\/aprende\/#primaryimage\"},\"thumbnailUrl\":\"https:\/\/www.purecurry.com\/wp-content\/uploads\/2026\/03\/learning-library-hero.webp\",\"datePublished\":\"2026-01-25T22:51:01+00:00\",\"dateModified\":\"2026-03-06T16:01:28+00:00\",\"breadcrumb\":{\"@id\":\"https:\/\/www.purecurry.com\/es\/aprende\/#breadcrumb\"},\"inLanguage\":\"es\",\"potentialAction\":[{\"@type\":\"ReadAction\",\"target\":[\"https:\/\/www.purecurry.com\/es\/aprende\/\"]}]},{\"@type\":\"ImageObject\",\"inLanguage\":\"es\",\"@id\":\"https:\/\/www.purecurry.com\/es\/aprende\/#primaryimage\",\"url\":\"https:\/\/www.purecurry.com\/wp-content\/uploads\/2026\/03\/learning-library-hero.webp\",\"contentUrl\":\"https:\/\/www.purecurry.com\/wp-content\/uploads\/2026\/03\/learning-library-hero.webp\",\"width\":911,\"height\":910},{\"@type\":\"BreadcrumbList\",\"@id\":\"https:\/\/www.purecurry.com\/es\/aprende\/#breadcrumb\",\"itemListElement\":[{\"@type\":\"ListItem\",\"position\":1,\"name\":\"Home\",\"item\":\"https:\/\/www.purecurry.com\/es\/\"},{\"@type\":\"ListItem\",\"position\":2,\"name\":\"Centro de Aprendizaje de Pure Curry\"}]},{\"@type\":\"WebSite\",\"@id\":\"https:\/\/www.purecurry.com\/#website\",\"url\":\"https:\/\/www.purecurry.com\/\",\"name\":\"Pure Curry\",\"description\":\"Aprende. Crea. Saborea.\",\"publisher\":{\"@id\":\"https:\/\/www.purecurry.com\/#organization\"},\"potentialAction\":[{\"@type\":\"SearchAction\",\"target\":{\"@type\":\"EntryPoint\",\"urlTemplate\":\"https:\/\/www.purecurry.com\/?s={search_term_string}\"},\"query-input\":{\"@type\":\"PropertyValueSpecification\",\"valueRequired\":true,\"valueName\":\"search_term_string\"}}],\"inLanguage\":\"es\"},{\"@type\":\"Organization\",\"@id\":\"https:\/\/www.purecurry.com\/#organization\",\"name\":\"PureCurry.com\",\"url\":\"https:\/\/www.purecurry.com\/\",\"logo\":{\"@type\":\"ImageObject\",\"inLanguage\":\"es\",\"@id\":\"https:\/\/www.purecurry.com\/#\/schema\/logo\/image\/\",\"url\":\"https:\/\/www.purecurry.com\/wp-content\/uploads\/2018\/07\/PureCurryLogo-v2-512x512.png\",\"contentUrl\":\"https:\/\/www.purecurry.com\/wp-content\/uploads\/2018\/07\/PureCurryLogo-v2-512x512.png\",\"width\":510,\"height\":508,\"caption\":\"PureCurry.com\"},\"image\":{\"@id\":\"https:\/\/www.purecurry.com\/#\/schema\/logo\/image\/\"}}]}<\/script>\n<!-- \/ Yoast SEO plugin. -->","yoast_head_json":{"title":"Centro de Aprendizaje de Pure Curry - Pure Curry","robots":{"index":"index","follow":"follow","max-snippet":"max-snippet:-1","max-image-preview":"max-image-preview:large","max-video-preview":"max-video-preview:-1"},"canonical":"https:\/\/www.purecurry.com\/es\/aprende\/","og_locale":"es_ES","og_type":"article","og_title":"Centro de Aprendizaje de Pure Curry - Pure Curry","og_description":"Una base en aut\u00e9nticos sabores indios En Pure Curry, creemos que cualquiera puede cocinar comida india de primera clase en casa cuando comprende los principios fundamentales. La biblioteca de aprendizaje es una colecci\u00f3n seleccionada de gu\u00edas detalladas creadas para cocineros curiosos que desean ir m\u00e1s all\u00e1 de las recetas. Aqu\u00ed encontrar\u00e1 inmersiones profundas en los [&hellip;]","og_url":"https:\/\/www.purecurry.com\/es\/aprende\/","og_site_name":"Pure Curry","article_modified_time":"2026-03-06T16:01:28+00:00","twitter_card":"summary_large_image","twitter_misc":{"Tiempo de lectura":"3 minutos"},"schema":{"@context":"https:\/\/schema.org","@graph":[{"@type":"WebPage","@id":"https:\/\/www.purecurry.com\/es\/aprende\/","url":"https:\/\/www.purecurry.com\/es\/aprende\/","name":"Centro de Aprendizaje de Pure Curry - Pure Curry","isPartOf":{"@id":"https:\/\/www.purecurry.com\/#website"},"primaryImageOfPage":{"@id":"https:\/\/www.purecurry.com\/es\/aprende\/#primaryimage"},"image":{"@id":"https:\/\/www.purecurry.com\/es\/aprende\/#primaryimage"},"thumbnailUrl":"https:\/\/www.purecurry.com\/wp-content\/uploads\/2026\/03\/learning-library-hero.webp","datePublished":"2026-01-25T22:51:01+00:00","dateModified":"2026-03-06T16:01:28+00:00","breadcrumb":{"@id":"https:\/\/www.purecurry.com\/es\/aprende\/#breadcrumb"},"inLanguage":"es","potentialAction":[{"@type":"ReadAction","target":["https:\/\/www.purecurry.com\/es\/aprende\/"]}]},{"@type":"ImageObject","inLanguage":"es","@id":"https:\/\/www.purecurry.com\/es\/aprende\/#primaryimage","url":"https:\/\/www.purecurry.com\/wp-content\/uploads\/2026\/03\/learning-library-hero.webp","contentUrl":"https:\/\/www.purecurry.com\/wp-content\/uploads\/2026\/03\/learning-library-hero.webp","width":911,"height":910},{"@type":"BreadcrumbList","@id":"https:\/\/www.purecurry.com\/es\/aprende\/#breadcrumb","itemListElement":[{"@type":"ListItem","position":1,"name":"Home","item":"https:\/\/www.purecurry.com\/es\/"},{"@type":"ListItem","position":2,"name":"Centro de Aprendizaje de Pure Curry"}]},{"@type":"WebSite","@id":"https:\/\/www.purecurry.com\/#website","url":"https:\/\/www.purecurry.com\/","name":"Pure Curry","description":"Aprende. Crea. Saborea.","publisher":{"@id":"https:\/\/www.purecurry.com\/#organization"},"potentialAction":[{"@type":"SearchAction","target":{"@type":"EntryPoint","urlTemplate":"https:\/\/www.purecurry.com\/?s={search_term_string}"},"query-input":{"@type":"PropertyValueSpecification","valueRequired":true,"valueName":"search_term_string"}}],"inLanguage":"es"},{"@type":"Organization","@id":"https:\/\/www.purecurry.com\/#organization","name":"PureCurry.com","url":"https:\/\/www.purecurry.com\/","logo":{"@type":"ImageObject","inLanguage":"es","@id":"https:\/\/www.purecurry.com\/#\/schema\/logo\/image\/","url":"https:\/\/www.purecurry.com\/wp-content\/uploads\/2018\/07\/PureCurryLogo-v2-512x512.png","contentUrl":"https:\/\/www.purecurry.com\/wp-content\/uploads\/2018\/07\/PureCurryLogo-v2-512x512.png","width":510,"height":508,"caption":"PureCurry.com"},"image":{"@id":"https:\/\/www.purecurry.com\/#\/schema\/logo\/image\/"}}]}},"_links":{"self":[{"href":"https:\/\/www.purecurry.com\/es\/wp-json\/wp\/v2\/pages\/7606","targetHints":{"allow":["GET"]}}],"collection":[{"href":"https:\/\/www.purecurry.com\/es\/wp-json\/wp\/v2\/pages"}],"about":[{"href":"https:\/\/www.purecurry.com\/es\/wp-json\/wp\/v2\/types\/page"}],"author":[{"embeddable":true,"href":"https:\/\/www.purecurry.com\/es\/wp-json\/wp\/v2\/users\/1"}],"replies":[{"embeddable":true,"href":"https:\/\/www.purecurry.com\/es\/wp-json\/wp\/v2\/comments?post=7606"}],"version-history":[{"count":20,"href":"https:\/\/www.purecurry.com\/es\/wp-json\/wp\/v2\/pages\/7606\/revisions"}],"predecessor-version":[{"id":8667,"href":"https:\/\/www.purecurry.com\/es\/wp-json\/wp\/v2\/pages\/7606\/revisions\/8667"}],"wp:featuredmedia":[{"embeddable":true,"href":"https:\/\/www.purecurry.com\/es\/wp-json\/wp\/v2\/media\/9705"}],"wp:attachment":[{"href":"https:\/\/www.purecurry.com\/es\/wp-json\/wp\/v2\/media?parent=7606"}],"curies":[{"name":"wp","href":"https:\/\/api.w.org\/{rel}","templated":true}]}}