{"id":2914,"date":"2018-02-05T22:24:16","date_gmt":"2018-02-06T03:24:16","guid":{"rendered":"https:\/\/www.purecurry.com\/?page_id=2914"},"modified":"2026-01-31T10:45:47","modified_gmt":"2026-01-31T15:45:47","slug":"acerca-de-mi","status":"publish","type":"page","link":"https:\/\/www.purecurry.com\/es\/acerca-de-mi\/","title":{"rendered":"Acerca de"},"content":{"rendered":"\n<div style=\"background-image:url(&apos;https:\/\/www.purecurry.com\/wp-content\/themes\/pure-curry-theme\/assets\/images\/pc-spices-banner.png&apos;);background-size:cover;background-attachment:scroll;\" class=\"wp-block-group has-global-padding is-layout-constrained wp-block-group-is-layout-constrained has-background\">\n<div class=\"wp-block-cover alignfull has-basmati-rice-color has-text-color has-link-color wp-elements-e2820921f871d0fe977cdb7c916ee939\" style=\"min-height:133px;aspect-ratio:unset;\"><img decoding=\"async\" class=\"wp-block-cover__image-background size-large\" alt=\"\" src=\"https:\/\/www.purecurry.com\/wp-content\/themes\/pure-curry-theme\/assets\/images\/pc-spices-banner-1024x398.png\" data-object-fit=\"cover\"\/><span aria-hidden=\"true\" class=\"wp-block-cover__background has-background-dim\"><\/span><div class=\"wp-block-cover__inner-container has-global-padding is-layout-constrained wp-block-cover-is-layout-constrained\"><p class=\"has-text-align-center wp-elements-f67ba0bedd3ffab376672726fa522fbd wp-block-site-tagline has-text-color has-basmati-rice-color has-x-large-font-size has-lobster-font-family\">Aprende. Crea. Saborea.<\/p>\n\n\n<blockquote class=\"wp-block-quote has-medium-font-size is-layout-flow wp-block-quote-is-layout-flow\">\n<p class=\"has-text-align-center has-serif-font-family\"><em>No hagas suposiciones sobre c\u00f3mo se deben hacer las cosas: \u00a1haz lo que quieras!<\/em><\/p>\n<\/blockquote>\n<\/div><\/div>\n<\/div>\n\n<div class=\"wp-block-group has-global-padding is-layout-constrained wp-block-group-is-layout-constrained\">\n<h2 class=\"wp-block-heading\">\u00a1Namaste! \u00a1Bienvenido a Pure Curry!<\/h2>\n\n\n\n<p>Soy <strong>Avi<\/strong>, el apasionado cocinero casero y aprendiz constante de PureCurry.com. Originario de la India y ahora residente en EE. UU., cre\u00e9 este blog en <strong>2016<\/strong> para desmitificar la cocina india para los aficionados de todo el mundo. <\/p>\n\n\n\n<div style=\"height:20px\" aria-hidden=\"true\" class=\"wp-block-spacer\"><\/div>\n<\/div>\n\n<div class=\"wp-block-group has-global-padding is-layout-constrained wp-block-group-is-layout-constrained\">\n<h3 class=\"wp-block-heading\">La Filosof\u00eda Pure Curry: Aprende. Crea. Saborea.  <\/h3>\n\n\n\n<p>Mi viaje comenz\u00f3 como muchos otros: siguiendo recetas a ciegas, lo que a menudo me llevaba a resultados dispares. Me di cuenta de que el eslab\u00f3n perdido no eran los ingredientes, <strong>sino entender <em>el porqu\u00e9<\/em> de cada paso<\/strong>. <\/p>\n\n\n\n<p>Esta constataci\u00f3n es la base de Pure Curry y es una lecci\u00f3n que aplico a todo lo que hago: desde aprender a preparar el <em>dal <\/em>perfecto hasta hablar cinco idiomas con fluidez.<\/p>\n\n\n\n<blockquote class=\"wp-block-quote is-style-spice-line is-layout-flow wp-block-quote-is-layout-flow\">\n<p><em>Creo que <strong>cualquiera puede dominar cualquier habilidad<\/strong>, incluida la rica complejidad de la cocina india, <strong>con la mentalidad, la pr\u00e1ctica y la retroalimentaci\u00f3n<\/strong> adecuadas.<\/em><\/p>\n<\/blockquote>\n\n\n\n<p>Por eso mis recetas van m\u00e1s all\u00e1 de las simples instrucciones. Explico <strong>la ciencia, la t\u00e9cnica y el razonamiento,<\/strong> ayud\u00e1ndote a pasar de simplemente seguir una receta a <strong>adaptar e innovar con confianza<\/strong>. <\/p>\n\n\n\n<div style=\"height:20px\" aria-hidden=\"true\" class=\"wp-block-spacer\"><\/div>\n<\/div>\n\n<div class=\"wp-block-group has-global-padding is-layout-constrained wp-block-group-is-layout-constrained\">\n<h3 class=\"wp-block-heading\">De la gesti\u00f3n de Productos a la Pasi\u00f3n Pura<\/h3>\n\n\n\n<p>Durante a\u00f1os, apliqu\u00e9 los principios del aprendizaje continuo y la resoluci\u00f3n de problemas como <strong>Gerente de Producto de Software<\/strong>. Ahora, como padre que se queda en casa, he canalizado esa misma energ\u00eda hacia la cocina. El a\u00f1o pasado me sumerg\u00ed profundamente en la cocina, profundizando dr\u00e1sticamente mis habilidades y conocimientos.  <\/p>\n\n\n\n<p>Mi vida profesional me ense\u00f1\u00f3 a descifrar sistemas complejos, y la cocina india, con su intrincado equilibrio de especias y su combinaci\u00f3n de sabores, es el sistema definitivo que hay que dominar. Se trata de <strong>la mentalidad de crecimiento<\/strong>: ver cada desaf\u00edo, cada intento fallido, como informaci\u00f3n valiosa para la pr\u00f3xima gran comida. <\/p>\n\n\n\n<div style=\"height:20px\" aria-hidden=\"true\" class=\"wp-block-spacer\"><\/div>\n<\/div>\n\n<div class=\"wp-block-group has-global-padding is-layout-constrained wp-block-group-is-layout-constrained\">\n<h3 class=\"wp-block-heading\">Maestr\u00eda en especias: Tu patio de recreo culinario<\/h3>\n\n\n\n<p>\u00a1No te dejes intimidar por la gran variedad de ingredientes ni por la larga lista de pasos! Mi objetivo es simplificar el proceso. <\/p>\n\n\n\n<ul style=\"line-height:1.5\" class=\"wp-block-list\">\n<li><strong>Explore <\/strong>mis art\u00edculos completos sobre ingredientes esenciales, t\u00e9cnicas y, especialmente, <strong>el dominio de las especias<\/strong>.<\/li>\n\n\n\n<li>Si <strong>comprende<\/strong> los conceptos b\u00e1sicos, descubrir\u00e1 r\u00e1pidamente que la cocina india pasa de ser una tarea abrumadora a un campo de <strong>juego creativo<\/strong>.<\/li>\n<\/ul>\n\n\n\n<p>Comparto consejos y trucos aprendidos de mi familia, a\u00f1os de <strong>experimentaci\u00f3n <\/strong>y aprendizaje continuo de los mejores <strong>libros de cocina y videos culinarios<\/strong> (muchos de los cuales han profundizado significativamente mi comprensi\u00f3n; \u00a1encontrar\u00e1s mis recomendaciones seleccionadas a continuaci\u00f3n!).<\/p>\n\n\n\n<div style=\"height:20px\" aria-hidden=\"true\" class=\"wp-block-spacer\"><\/div>\n<\/div>\n\n<div class=\"wp-block-group has-global-padding is-layout-constrained wp-block-group-is-layout-constrained\">\n<h3 class=\"wp-block-heading\" style=\"padding-top:0;padding-bottom:0\">El Lenguaje del Sabor<\/h3>\n\n\n\n<p>Soy una apasionada de los idiomas: hablo espa\u00f1ol con fluidez y actualmente estoy aprendiendo franc\u00e9s, alem\u00e1n, portugu\u00e9s e italiano. Considero la cocina como otro idioma: un nuevo vocabulario de ingredientes, una gram\u00e1tica de t\u00e9cnicas y una cultura del sabor por explorar. <\/p>\n\n\n\n<p>As\u00ed como practicas nuevos verbos y frases, puedes practicar el arte de templar especias y preparar una <em>masala<\/em>.<\/p>\n\n\n\n<p>\u00a1Emb\u00e1rquemos juntos este delicioso viaje, abrazando la filosof\u00eda de <strong>Aprende. Crea. Saborea<\/strong>!<\/p>\n\n\n\n<div style=\"height:25px\" aria-hidden=\"true\" class=\"wp-block-spacer\"><\/div>\n<\/div>\n\n<hr class=\"wp-block-separator has-text-color has-golden-turmeric-color has-alpha-channel-opacity has-golden-turmeric-background-color has-background is-style-wide\" style=\"margin-top:var(--wp--preset--spacing--60);margin-bottom:var(--wp--preset--spacing--60)\"\/>\n\n<div class=\"wp-block-group has-global-padding is-layout-constrained wp-block-group-is-layout-constrained\">\n<h2 class=\"wp-block-heading has-text-align-center\" style=\"text-transform:uppercase\">Mi colecci\u00f3n de libros<\/h2>\n\n\n\n<p>Estos son algunos de los libros en los que me he apoyado para desarrollar mis habilidades culinarias.<\/p>\n\n\n\n<div class=\"wp-block-group has-global-padding is-layout-constrained wp-block-group-is-layout-constrained\">\n<p><strong>Aviso:<\/strong> Estos son enlaces de afiliados a Amazon.com. Si hace clic en un enlace y realiza una compra, puedo ganar una comisi\u00f3n <strong>sin coste adicional para usted<\/strong>. <\/p>\n<\/div>\n\n\n\n<div class=\"wp-block-columns are-vertically-aligned-center is-not-stacked-on-mobile is-layout-flex wp-container-core-columns-is-layout-28f84493 wp-block-columns-is-layout-flex\">\n<div class=\"wp-block-column is-vertically-aligned-center is-layout-flow wp-block-column-is-layout-flow\" style=\"flex-basis:33.34%\">\n<figure class=\"wp-block-image aligncenter size-large is-resized\"><a href=\"https:\/\/amzn.to\/4crsWwL\"><img decoding=\"async\" src=\"https:\/\/m.media-amazon.com\/images\/I\/61w62xpkhWL._SY425_.jpg\" alt=\"\" style=\"width:191px;height:auto\"\/><\/a><\/figure>\n<\/div>\n\n\n\n<div class=\"wp-block-column is-vertically-aligned-center is-layout-flow wp-block-column-is-layout-flow\" style=\"flex-basis:33.34%\">\n<figure class=\"wp-block-image aligncenter size-large is-resized\"><a href=\"https:\/\/amzn.to\/4aYRlHx\"><img decoding=\"async\" src=\"https:\/\/m.media-amazon.com\/images\/I\/71NXfMvnmQL._SL1500_.jpg\" alt=\"\" style=\"width:201px;height:auto\"\/><\/a><\/figure>\n<\/div>\n\n\n\n<div class=\"wp-block-column is-layout-flow wp-block-column-is-layout-flow\" style=\"flex-basis:33.33%\">\n<figure class=\"wp-block-image size-large is-resized\"><a href=\"https:\/\/amzn.to\/3OLEq4A\"><img decoding=\"async\" src=\"https:\/\/m.media-amazon.com\/images\/I\/81bnLKUiizL._SL1500_.jpg\" alt=\"\" style=\"width:174px;height:auto\"\/><\/a><\/figure>\n<\/div>\n<\/div>\n\n\n\n<div class=\"wp-block-columns are-vertically-aligned-center is-not-stacked-on-mobile is-layout-flex wp-container-core-columns-is-layout-28f84493 wp-block-columns-is-layout-flex\">\n<div class=\"wp-block-column is-vertically-aligned-center is-layout-flow wp-block-column-is-layout-flow\" style=\"flex-basis:33.34%\">\n<figure class=\"wp-block-image aligncenter size-large is-resized\"><a href=\"https:\/\/amzn.to\/46AMkDP\"><img decoding=\"async\" src=\"https:\/\/m.media-amazon.com\/images\/I\/91SNsQF1RcL._SL1500_.jpg\" alt=\"\" style=\"width:196px;height:auto\"\/><\/a><\/figure>\n<\/div>\n\n\n\n<div class=\"wp-block-column is-vertically-aligned-center is-layout-flow wp-block-column-is-layout-flow\" style=\"flex-basis:33.34%\">\n<figure class=\"wp-block-image aligncenter size-large is-resized\"><a href=\"https:\/\/amzn.to\/4cqDAUC\"><img decoding=\"async\" src=\"https:\/\/m.media-amazon.com\/images\/I\/61lWgwKq4xL._SL1200_.jpg\" alt=\"\" style=\"width:211px;height:auto\"\/><\/a><\/figure>\n<\/div>\n\n\n\n<div class=\"wp-block-column is-layout-flow wp-block-column-is-layout-flow\" style=\"flex-basis:33.33%\">\n<figure class=\"wp-block-image size-large is-resized\"><a href=\"https:\/\/amzn.to\/40FXjIy\"><img decoding=\"async\" src=\"https:\/\/m.media-amazon.com\/images\/I\/81ZWt6zSY5L._SL1500_.jpg\" alt=\"\" style=\"width:195px;height:auto\"\/><\/a><\/figure>\n<\/div>\n<\/div>\n\n\n\n<div class=\"wp-block-columns are-vertically-aligned-center is-not-stacked-on-mobile is-layout-flex wp-container-core-columns-is-layout-28f84493 wp-block-columns-is-layout-flex\">\n<div class=\"wp-block-column is-vertically-aligned-center is-layout-flow wp-block-column-is-layout-flow\" style=\"flex-basis:33.34%\">\n<figure class=\"wp-block-image aligncenter size-large is-resized\"><a href=\"https:\/\/amzn.to\/4sghwR4\"><img decoding=\"async\" src=\"https:\/\/m.media-amazon.com\/images\/I\/81JVTtQzJ+L._SL1500_.jpg\" alt=\"\" style=\"width:196px;height:auto\"\/><\/a><\/figure>\n<\/div>\n\n\n\n<div class=\"wp-block-column is-vertically-aligned-center is-layout-flow wp-block-column-is-layout-flow\" style=\"flex-basis:33.34%\">\n<figure class=\"wp-block-image aligncenter size-large is-resized\"><a href=\"https:\/\/amzn.to\/3N0BXCw\"><img decoding=\"async\" src=\"https:\/\/m.media-amazon.com\/images\/I\/81BGNqBFZmL._SL1500_.jpg\" alt=\"\" style=\"width:211px;height:auto\"\/><\/a><\/figure>\n<\/div>\n\n\n\n<div class=\"wp-block-column is-layout-flow wp-block-column-is-layout-flow\" style=\"flex-basis:33.33%\">\n<figure class=\"wp-block-image size-large is-resized\"><a href=\"https:\/\/amzn.to\/4u7H4BI\"><img decoding=\"async\" src=\"https:\/\/m.media-amazon.com\/images\/I\/61ruC7mPzOL._SL1200_.jpg\" alt=\"\" style=\"width:195px;height:auto\"\/><\/a><\/figure>\n<\/div>\n<\/div>\n<\/div>\n\n<hr class=\"wp-block-separator has-text-color has-golden-turmeric-color has-alpha-channel-opacity has-golden-turmeric-background-color has-background is-style-wide\" style=\"margin-top:var(--wp--preset--spacing--60);margin-bottom:var(--wp--preset--spacing--60)\"\/>\n\n<div class=\"wp-block-group has-global-padding is-layout-constrained wp-block-group-is-layout-constrained\">\n<h2 class=\"wp-block-heading has-text-align-center\" style=\"text-transform:uppercase\">UTENSILIOS DE COCINA<\/h2>\n\n\n\n<p>Estos son algunos de los utensilios que uso casi a diario en mi cocina.<\/p>\n\n\n\n<div class=\"wp-block-group has-global-padding is-layout-constrained wp-block-group-is-layout-constrained\">\n<p><strong>Aviso:<\/strong> Estos son enlaces de afiliados a Amazon.com. Si hace clic en un enlace y realiza una compra, puedo ganar una comisi\u00f3n <strong>sin coste adicional para usted<\/strong>. <\/p>\n<\/div>\n\n\n\n<div class=\"wp-block-columns are-vertically-aligned-center is-not-stacked-on-mobile is-layout-flex wp-container-core-columns-is-layout-28f84493 wp-block-columns-is-layout-flex\">\n<div class=\"wp-block-column is-vertically-aligned-center is-layout-flow wp-block-column-is-layout-flow\" style=\"flex-basis:33.34%\">\n<figure class=\"wp-block-image aligncenter size-large is-resized\"><a href=\"https:\/\/amzn.to\/3OMpzXx\" target=\"_blank\" rel=\" noreferrer noopener\"><img decoding=\"async\" src=\"https:\/\/m.media-amazon.com\/images\/I\/71Z401LjFFL._AC_SL1500_.jpg\" alt=\"\" style=\"width:191px;height:auto\"\/><\/a><\/figure>\n<\/div>\n\n\n\n<div class=\"wp-block-column is-vertically-aligned-center is-layout-flow wp-block-column-is-layout-flow\" style=\"flex-basis:33.34%\">\n<figure class=\"wp-block-image aligncenter size-large is-resized\"><a href=\"https:\/\/amzn.to\/405mi8b\" target=\"_blank\" rel=\" noreferrer noopener\"><img decoding=\"async\" src=\"https:\/\/m.media-amazon.com\/images\/I\/71ZSLC9SGoL._AC_SL1500_.jpg\" alt=\"\" style=\"width:201px;height:auto\"\/><\/a><\/figure>\n<\/div>\n\n\n\n<div class=\"wp-block-column is-layout-flow wp-block-column-is-layout-flow\" style=\"flex-basis:33.33%\">\n<figure class=\"wp-block-image size-large is-resized\"><a href=\"https:\/\/amzn.to\/4u4QC0a\" target=\"_blank\" rel=\" noreferrer noopener\"><img decoding=\"async\" src=\"https:\/\/m.media-amazon.com\/images\/I\/71YHkHrCWRL._AC_SL1500_.jpg\" alt=\"\" style=\"width:174px;height:auto\"\/><\/a><\/figure>\n<\/div>\n<\/div>\n\n\n\n<div class=\"wp-block-columns are-vertically-aligned-center is-not-stacked-on-mobile is-layout-flex wp-container-core-columns-is-layout-28f84493 wp-block-columns-is-layout-flex\">\n<div class=\"wp-block-column is-vertically-aligned-center is-layout-flow wp-block-column-is-layout-flow\" style=\"flex-basis:33.34%\">\n<figure class=\"wp-block-image aligncenter size-large is-resized\"><a href=\"https:\/\/amzn.to\/4aQglSM\" target=\"_blank\" rel=\" noreferrer noopener\"><img decoding=\"async\" src=\"https:\/\/m.media-amazon.com\/images\/I\/615kwOY9+3L._AC_SL1280_.jpg\" alt=\"\" style=\"width:196px;height:auto\"\/><\/a><\/figure>\n<\/div>\n\n\n\n<div class=\"wp-block-column is-vertically-aligned-center is-layout-flow wp-block-column-is-layout-flow\" style=\"flex-basis:33.34%\">\n<figure class=\"wp-block-image aligncenter size-large is-resized\"><a href=\"https:\/\/amzn.to\/4l2w8RC\" target=\"_blank\" rel=\" noreferrer noopener\"><img decoding=\"async\" src=\"https:\/\/m.media-amazon.com\/images\/I\/718IBe-UfVL._AC_SL1500_.jpg\" alt=\"\" style=\"width:211px;height:auto\"\/><\/a><\/figure>\n<\/div>\n\n\n\n<div class=\"wp-block-column is-layout-flow wp-block-column-is-layout-flow\" style=\"flex-basis:33.33%\">\n<figure class=\"wp-block-image size-large\"><a href=\"https:\/\/amzn.to\/4u2Kvtv\" target=\"_blank\" rel=\" noreferrer noopener\"><img decoding=\"async\" src=\"https:\/\/m.media-amazon.com\/images\/I\/61WkhHSP3kL._AC_SL1500_.jpg\" alt=\"\"\/><\/a><\/figure>\n<\/div>\n<\/div>\n\n\n\n<div class=\"wp-block-columns are-vertically-aligned-center is-not-stacked-on-mobile is-layout-flex wp-container-core-columns-is-layout-28f84493 wp-block-columns-is-layout-flex\">\n<div class=\"wp-block-column is-vertically-aligned-center is-layout-flow wp-block-column-is-layout-flow\" style=\"flex-basis:33.34%\">\n<figure class=\"wp-block-image size-large\"><a href=\"https:\/\/amzn.to\/4u6H7hd\"><img decoding=\"async\" src=\"https:\/\/m.media-amazon.com\/images\/I\/61Am3i23tGL._AC_SL1500_.jpg\" alt=\"\"\/><\/a><\/figure>\n<\/div>\n\n\n\n<div class=\"wp-block-column is-vertically-aligned-center is-layout-flow wp-block-column-is-layout-flow\" style=\"flex-basis:33.34%\">\n<figure class=\"wp-block-image size-large\"><a href=\"https:\/\/amzn.to\/40sE05L\"><img decoding=\"async\" src=\"https:\/\/m.media-amazon.com\/images\/I\/61oMmUqagPL._AC_SL1336_.jpg\" alt=\"\"\/><\/a><\/figure>\n<\/div>\n\n\n\n<div class=\"wp-block-column is-layout-flow wp-block-column-is-layout-flow\" style=\"flex-basis:33.33%\">\n<figure class=\"wp-block-image size-large\"><a href=\"https:\/\/amzn.to\/3PfzNzC\"><img decoding=\"async\" src=\"https:\/\/m.media-amazon.com\/images\/I\/71+nFW6PKpL._AC_SL1280_.jpg\" alt=\"\"\/><\/a><\/figure>\n<\/div>\n<\/div>\n<\/div>\n\n<div style=\"height:20px\" aria-hidden=\"true\" class=\"wp-block-spacer\"><\/div>\n","protected":false},"excerpt":{"rendered":"<p>\u00a1Namaste! \u00a1Bienvenido a Pure Curry! Soy Avi, el apasionado cocinero casero y aprendiz constante de PureCurry.com. Originario de la India y ahora residente en EE. UU., cre\u00e9 este blog en 2016 para desmitificar la cocina india para los aficionados de todo el mundo. La Filosof\u00eda Pure Curry: Aprende. Crea. Saborea. Mi viaje comenz\u00f3 como muchos [&hellip;]<\/p>\n","protected":false},"author":1,"featured_media":0,"parent":0,"menu_order":0,"comment_status":"closed","ping_status":"closed","template":"","meta":{"nf_dc_page":"","wprm-recipe-roundup-name":"","wprm-recipe-roundup-description":"","footnotes":""},"class_list":["post-2914","page","type-page","status-publish","hentry"],"yoast_head":"<!-- This site is optimized with the Yoast SEO plugin v27.2 - https:\/\/yoast.com\/product\/yoast-seo-wordpress\/ -->\n<title>Acerca de - Pure Curry<\/title>\n<meta name=\"robots\" content=\"index, follow, max-snippet:-1, max-image-preview:large, max-video-preview:-1\" \/>\n<link rel=\"canonical\" href=\"https:\/\/www.purecurry.com\/es\/acerca-de-mi\/\" \/>\n<meta property=\"og:locale\" content=\"es_ES\" \/>\n<meta property=\"og:type\" content=\"article\" \/>\n<meta property=\"og:title\" content=\"Acerca de - Pure Curry\" \/>\n<meta property=\"og:description\" content=\"\u00a1Namaste! \u00a1Bienvenido a Pure Curry! Soy Avi, el apasionado cocinero casero y aprendiz constante de PureCurry.com. Originario de la India y ahora residente en EE. UU., cre\u00e9 este blog en 2016 para desmitificar la cocina india para los aficionados de todo el mundo. La Filosof\u00eda Pure Curry: Aprende. Crea. Saborea. Mi viaje comenz\u00f3 como muchos [&hellip;]\" \/>\n<meta property=\"og:url\" content=\"https:\/\/www.purecurry.com\/es\/acerca-de-mi\/\" \/>\n<meta property=\"og:site_name\" content=\"Pure Curry\" \/>\n<meta property=\"article:modified_time\" content=\"2026-01-31T15:45:47+00:00\" \/>\n<meta property=\"og:image\" content=\"https:\/\/www.purecurry.com\/wp-content\/themes\/pure-curry-theme\/assets\/images\/pc-spices-banner-1024x398.png\" \/>\n<meta name=\"twitter:card\" content=\"summary_large_image\" \/>\n<meta name=\"twitter:label1\" content=\"Tiempo de lectura\" \/>\n\t<meta name=\"twitter:data1\" content=\"3 minutos\" \/>\n<script type=\"application\/ld+json\" class=\"yoast-schema-graph\">{\"@context\":\"https:\/\/schema.org\",\"@graph\":[{\"@type\":\"WebPage\",\"@id\":\"https:\/\/www.purecurry.com\/es\/acerca-de-mi\/\",\"url\":\"https:\/\/www.purecurry.com\/es\/acerca-de-mi\/\",\"name\":\"Acerca de - Pure Curry\",\"isPartOf\":{\"@id\":\"https:\/\/www.purecurry.com\/#website\"},\"primaryImageOfPage\":{\"@id\":\"https:\/\/www.purecurry.com\/es\/acerca-de-mi\/#primaryimage\"},\"image\":{\"@id\":\"https:\/\/www.purecurry.com\/es\/acerca-de-mi\/#primaryimage\"},\"thumbnailUrl\":\"https:\/\/www.purecurry.com\/wp-content\/themes\/pure-curry-theme\/assets\/images\/pc-spices-banner-1024x398.png\",\"datePublished\":\"2018-02-06T03:24:16+00:00\",\"dateModified\":\"2026-01-31T15:45:47+00:00\",\"breadcrumb\":{\"@id\":\"https:\/\/www.purecurry.com\/es\/acerca-de-mi\/#breadcrumb\"},\"inLanguage\":\"es\",\"potentialAction\":[{\"@type\":\"ReadAction\",\"target\":[\"https:\/\/www.purecurry.com\/es\/acerca-de-mi\/\"]}]},{\"@type\":\"ImageObject\",\"inLanguage\":\"es\",\"@id\":\"https:\/\/www.purecurry.com\/es\/acerca-de-mi\/#primaryimage\",\"url\":\"https:\/\/www.purecurry.com\/wp-content\/themes\/pure-curry-theme\/assets\/images\/pc-spices-banner-1024x398.png\",\"contentUrl\":\"https:\/\/www.purecurry.com\/wp-content\/themes\/pure-curry-theme\/assets\/images\/pc-spices-banner-1024x398.png\"},{\"@type\":\"BreadcrumbList\",\"@id\":\"https:\/\/www.purecurry.com\/es\/acerca-de-mi\/#breadcrumb\",\"itemListElement\":[{\"@type\":\"ListItem\",\"position\":1,\"name\":\"Home\",\"item\":\"https:\/\/www.purecurry.com\/es\/\"},{\"@type\":\"ListItem\",\"position\":2,\"name\":\"Acerca de\"}]},{\"@type\":\"WebSite\",\"@id\":\"https:\/\/www.purecurry.com\/#website\",\"url\":\"https:\/\/www.purecurry.com\/\",\"name\":\"Pure Curry\",\"description\":\"Aprende. Crea. Saborea.\",\"publisher\":{\"@id\":\"https:\/\/www.purecurry.com\/#organization\"},\"potentialAction\":[{\"@type\":\"SearchAction\",\"target\":{\"@type\":\"EntryPoint\",\"urlTemplate\":\"https:\/\/www.purecurry.com\/?s={search_term_string}\"},\"query-input\":{\"@type\":\"PropertyValueSpecification\",\"valueRequired\":true,\"valueName\":\"search_term_string\"}}],\"inLanguage\":\"es\"},{\"@type\":\"Organization\",\"@id\":\"https:\/\/www.purecurry.com\/#organization\",\"name\":\"PureCurry.com\",\"url\":\"https:\/\/www.purecurry.com\/\",\"logo\":{\"@type\":\"ImageObject\",\"inLanguage\":\"es\",\"@id\":\"https:\/\/www.purecurry.com\/#\/schema\/logo\/image\/\",\"url\":\"https:\/\/www.purecurry.com\/wp-content\/uploads\/2018\/07\/PureCurryLogo-v2-512x512.png\",\"contentUrl\":\"https:\/\/www.purecurry.com\/wp-content\/uploads\/2018\/07\/PureCurryLogo-v2-512x512.png\",\"width\":510,\"height\":508,\"caption\":\"PureCurry.com\"},\"image\":{\"@id\":\"https:\/\/www.purecurry.com\/#\/schema\/logo\/image\/\"}}]}<\/script>\n<!-- \/ Yoast SEO plugin. -->","yoast_head_json":{"title":"Acerca de - Pure Curry","robots":{"index":"index","follow":"follow","max-snippet":"max-snippet:-1","max-image-preview":"max-image-preview:large","max-video-preview":"max-video-preview:-1"},"canonical":"https:\/\/www.purecurry.com\/es\/acerca-de-mi\/","og_locale":"es_ES","og_type":"article","og_title":"Acerca de - Pure Curry","og_description":"\u00a1Namaste! \u00a1Bienvenido a Pure Curry! Soy Avi, el apasionado cocinero casero y aprendiz constante de PureCurry.com. Originario de la India y ahora residente en EE. UU., cre\u00e9 este blog en 2016 para desmitificar la cocina india para los aficionados de todo el mundo. La Filosof\u00eda Pure Curry: Aprende. Crea. Saborea. Mi viaje comenz\u00f3 como muchos [&hellip;]","og_url":"https:\/\/www.purecurry.com\/es\/acerca-de-mi\/","og_site_name":"Pure Curry","article_modified_time":"2026-01-31T15:45:47+00:00","og_image":[{"url":"https:\/\/www.purecurry.com\/wp-content\/themes\/pure-curry-theme\/assets\/images\/pc-spices-banner-1024x398.png","type":"","width":"","height":""}],"twitter_card":"summary_large_image","twitter_misc":{"Tiempo de lectura":"3 minutos"},"schema":{"@context":"https:\/\/schema.org","@graph":[{"@type":"WebPage","@id":"https:\/\/www.purecurry.com\/es\/acerca-de-mi\/","url":"https:\/\/www.purecurry.com\/es\/acerca-de-mi\/","name":"Acerca de - Pure Curry","isPartOf":{"@id":"https:\/\/www.purecurry.com\/#website"},"primaryImageOfPage":{"@id":"https:\/\/www.purecurry.com\/es\/acerca-de-mi\/#primaryimage"},"image":{"@id":"https:\/\/www.purecurry.com\/es\/acerca-de-mi\/#primaryimage"},"thumbnailUrl":"https:\/\/www.purecurry.com\/wp-content\/themes\/pure-curry-theme\/assets\/images\/pc-spices-banner-1024x398.png","datePublished":"2018-02-06T03:24:16+00:00","dateModified":"2026-01-31T15:45:47+00:00","breadcrumb":{"@id":"https:\/\/www.purecurry.com\/es\/acerca-de-mi\/#breadcrumb"},"inLanguage":"es","potentialAction":[{"@type":"ReadAction","target":["https:\/\/www.purecurry.com\/es\/acerca-de-mi\/"]}]},{"@type":"ImageObject","inLanguage":"es","@id":"https:\/\/www.purecurry.com\/es\/acerca-de-mi\/#primaryimage","url":"https:\/\/www.purecurry.com\/wp-content\/themes\/pure-curry-theme\/assets\/images\/pc-spices-banner-1024x398.png","contentUrl":"https:\/\/www.purecurry.com\/wp-content\/themes\/pure-curry-theme\/assets\/images\/pc-spices-banner-1024x398.png"},{"@type":"BreadcrumbList","@id":"https:\/\/www.purecurry.com\/es\/acerca-de-mi\/#breadcrumb","itemListElement":[{"@type":"ListItem","position":1,"name":"Home","item":"https:\/\/www.purecurry.com\/es\/"},{"@type":"ListItem","position":2,"name":"Acerca de"}]},{"@type":"WebSite","@id":"https:\/\/www.purecurry.com\/#website","url":"https:\/\/www.purecurry.com\/","name":"Pure Curry","description":"Aprende. Crea. Saborea.","publisher":{"@id":"https:\/\/www.purecurry.com\/#organization"},"potentialAction":[{"@type":"SearchAction","target":{"@type":"EntryPoint","urlTemplate":"https:\/\/www.purecurry.com\/?s={search_term_string}"},"query-input":{"@type":"PropertyValueSpecification","valueRequired":true,"valueName":"search_term_string"}}],"inLanguage":"es"},{"@type":"Organization","@id":"https:\/\/www.purecurry.com\/#organization","name":"PureCurry.com","url":"https:\/\/www.purecurry.com\/","logo":{"@type":"ImageObject","inLanguage":"es","@id":"https:\/\/www.purecurry.com\/#\/schema\/logo\/image\/","url":"https:\/\/www.purecurry.com\/wp-content\/uploads\/2018\/07\/PureCurryLogo-v2-512x512.png","contentUrl":"https:\/\/www.purecurry.com\/wp-content\/uploads\/2018\/07\/PureCurryLogo-v2-512x512.png","width":510,"height":508,"caption":"PureCurry.com"},"image":{"@id":"https:\/\/www.purecurry.com\/#\/schema\/logo\/image\/"}}]}},"_links":{"self":[{"href":"https:\/\/www.purecurry.com\/es\/wp-json\/wp\/v2\/pages\/2914","targetHints":{"allow":["GET"]}}],"collection":[{"href":"https:\/\/www.purecurry.com\/es\/wp-json\/wp\/v2\/pages"}],"about":[{"href":"https:\/\/www.purecurry.com\/es\/wp-json\/wp\/v2\/types\/page"}],"author":[{"embeddable":true,"href":"https:\/\/www.purecurry.com\/es\/wp-json\/wp\/v2\/users\/1"}],"replies":[{"embeddable":true,"href":"https:\/\/www.purecurry.com\/es\/wp-json\/wp\/v2\/comments?post=2914"}],"version-history":[{"count":7,"href":"https:\/\/www.purecurry.com\/es\/wp-json\/wp\/v2\/pages\/2914\/revisions"}],"predecessor-version":[{"id":7839,"href":"https:\/\/www.purecurry.com\/es\/wp-json\/wp\/v2\/pages\/2914\/revisions\/7839"}],"wp:attachment":[{"href":"https:\/\/www.purecurry.com\/es\/wp-json\/wp\/v2\/media?parent=2914"}],"curies":[{"name":"wp","href":"https:\/\/api.w.org\/{rel}","templated":true}]}}