{"id":2890,"date":"2018-02-04T16:24:21","date_gmt":"2018-02-04T21:24:21","guid":{"rendered":"https:\/\/www.purecurry.com\/?page_id=2890"},"modified":"2025-12-11T13:03:39","modified_gmt":"2025-12-11T18:03:39","slug":"nutricion","status":"publish","type":"page","link":"https:\/\/www.purecurry.com\/es\/nutricion\/","title":{"rendered":"Informaci\u00f3n nutricional"},"content":{"rendered":"<p><a href=\"https:\/\/www.purecurry.com\/wp-content\/uploads\/2019\/01\/NutritionFacts-Spanish.jpeg\"><img loading=\"lazy\" decoding=\"async\" class=\"alignright wp-image-3726 \" src=\"https:\/\/www.purecurry.com\/wp-content\/uploads\/2019\/01\/NutritionFacts-Spanish.jpeg\" alt=\"\" width=\"251\" height=\"432\" \/><\/a>Para la mayor\u00eda de los ingredientes, los valores nutricionales de las etiquetas se calculan utilizando los datos disponibles en la <a href=\"https:\/\/www.ars.usda.gov\/northeast-area\/beltsville-md\/beltsville-human-nutrition-research-center\/nutrient-data-laboratory\/\">National Nutrients Database<\/a> publicada por el USDA. Si los datos de un ingrediente, como un ingrediente \u00e9tnico, no est\u00e1n disponibles, se utilizan los datos nutricionales proporcionados en el envase de ese ingrediente. Aqu\u00ed hay algunas notas sobre los datos en las etiquetas de informaci\u00f3n nutricional en PureCurry.com:<\/p>\n<ul>\n<li>Los datos nutricionales son para una sola porci\u00f3n que se calcula en funci\u00f3n de la cantidad de porciones indicada en la receta.<\/li>\n<li>Las etiquetas incluyen los valores de calor\u00edas, grasa total, grasa saturada, grasas trans, colesterol, sodio, carbohidratos, fibra, az\u00facares y prote\u00ednas.<\/li>\n<li>La mayor\u00eda de los ingredientes que son contribuyentes significativos de calor\u00edas est\u00e1n incluidos; como aceite, carne, verduras, harina, nueces, az\u00facar, etc.<\/li>\n<li>Los valores nutricionales insignificantes se omiten, como los de las especias.<\/li>\n<li>Los valores de datos para cada categor\u00eda se redondean.<\/li>\n<\/ul>\n","protected":false},"excerpt":{"rendered":"<p>Para la mayor\u00eda de los ingredientes, los valores nutricionales de las etiquetas se calculan utilizando los datos disponibles en la National Nutrients Database publicada por el USDA. Si los datos de un ingrediente, como un ingrediente \u00e9tnico, no est\u00e1n disponibles, se utilizan los datos nutricionales proporcionados en el envase de ese ingrediente. Aqu\u00ed hay algunas [&hellip;]<\/p>\n","protected":false},"author":1,"featured_media":0,"parent":0,"menu_order":0,"comment_status":"closed","ping_status":"closed","template":"","meta":{"nf_dc_page":"","wprm-recipe-roundup-name":"","wprm-recipe-roundup-description":"","footnotes":""},"class_list":["post-2890","page","type-page","status-publish","hentry"],"yoast_head":"<!-- This site is optimized with the Yoast SEO plugin v27.2 - https:\/\/yoast.com\/product\/yoast-seo-wordpress\/ -->\n<title>Informaci\u00f3n nutricional - Pure Curry<\/title>\n<meta name=\"robots\" content=\"index, follow, max-snippet:-1, max-image-preview:large, max-video-preview:-1\" \/>\n<link rel=\"canonical\" href=\"https:\/\/www.purecurry.com\/es\/nutricion\/\" \/>\n<meta property=\"og:locale\" content=\"es_ES\" \/>\n<meta property=\"og:type\" content=\"article\" \/>\n<meta property=\"og:title\" content=\"Informaci\u00f3n nutricional - Pure Curry\" \/>\n<meta property=\"og:description\" content=\"Para la mayor\u00eda de los ingredientes, los valores nutricionales de las etiquetas se calculan utilizando los datos disponibles en la National Nutrients Database publicada por el USDA. Si los datos de un ingrediente, como un ingrediente \u00e9tnico, no est\u00e1n disponibles, se utilizan los datos nutricionales proporcionados en el envase de ese ingrediente. Aqu\u00ed hay algunas [&hellip;]\" \/>\n<meta property=\"og:url\" content=\"https:\/\/www.purecurry.com\/es\/nutricion\/\" \/>\n<meta property=\"og:site_name\" content=\"Pure Curry\" \/>\n<meta property=\"article:modified_time\" content=\"2025-12-11T18:03:39+00:00\" \/>\n<meta property=\"og:image\" content=\"https:\/\/www.purecurry.com\/wp-content\/uploads\/2019\/01\/NutritionFacts-Spanish.jpeg\" \/>\n\t<meta property=\"og:image:width\" content=\"308\" \/>\n\t<meta property=\"og:image:height\" content=\"514\" \/>\n\t<meta property=\"og:image:type\" content=\"image\/jpeg\" \/>\n<meta name=\"twitter:card\" content=\"summary_large_image\" \/>\n<meta name=\"twitter:label1\" content=\"Tiempo de lectura\" \/>\n\t<meta name=\"twitter:data1\" content=\"1 minuto\" \/>\n<script type=\"application\/ld+json\" class=\"yoast-schema-graph\">{\"@context\":\"https:\/\/schema.org\",\"@graph\":[{\"@type\":\"WebPage\",\"@id\":\"https:\/\/www.purecurry.com\/es\/nutricion\/\",\"url\":\"https:\/\/www.purecurry.com\/es\/nutricion\/\",\"name\":\"Informaci\u00f3n nutricional - Pure Curry\",\"isPartOf\":{\"@id\":\"https:\/\/www.purecurry.com\/#website\"},\"primaryImageOfPage\":{\"@id\":\"https:\/\/www.purecurry.com\/es\/nutricion\/#primaryimage\"},\"image\":{\"@id\":\"https:\/\/www.purecurry.com\/es\/nutricion\/#primaryimage\"},\"thumbnailUrl\":\"https:\/\/www.purecurry.com\/wp-content\/uploads\/2019\/01\/NutritionFacts-Spanish.jpeg\",\"datePublished\":\"2018-02-04T21:24:21+00:00\",\"dateModified\":\"2025-12-11T18:03:39+00:00\",\"breadcrumb\":{\"@id\":\"https:\/\/www.purecurry.com\/es\/nutricion\/#breadcrumb\"},\"inLanguage\":\"es\",\"potentialAction\":[{\"@type\":\"ReadAction\",\"target\":[\"https:\/\/www.purecurry.com\/es\/nutricion\/\"]}]},{\"@type\":\"ImageObject\",\"inLanguage\":\"es\",\"@id\":\"https:\/\/www.purecurry.com\/es\/nutricion\/#primaryimage\",\"url\":\"https:\/\/www.purecurry.com\/wp-content\/uploads\/2019\/01\/NutritionFacts-Spanish.jpeg\",\"contentUrl\":\"https:\/\/www.purecurry.com\/wp-content\/uploads\/2019\/01\/NutritionFacts-Spanish.jpeg\"},{\"@type\":\"BreadcrumbList\",\"@id\":\"https:\/\/www.purecurry.com\/es\/nutricion\/#breadcrumb\",\"itemListElement\":[{\"@type\":\"ListItem\",\"position\":1,\"name\":\"Home\",\"item\":\"https:\/\/www.purecurry.com\/es\/\"},{\"@type\":\"ListItem\",\"position\":2,\"name\":\"Informaci\u00f3n nutricional\"}]},{\"@type\":\"WebSite\",\"@id\":\"https:\/\/www.purecurry.com\/#website\",\"url\":\"https:\/\/www.purecurry.com\/\",\"name\":\"Pure Curry\",\"description\":\"Aprende. Crea. Saborea.\",\"publisher\":{\"@id\":\"https:\/\/www.purecurry.com\/#organization\"},\"potentialAction\":[{\"@type\":\"SearchAction\",\"target\":{\"@type\":\"EntryPoint\",\"urlTemplate\":\"https:\/\/www.purecurry.com\/?s={search_term_string}\"},\"query-input\":{\"@type\":\"PropertyValueSpecification\",\"valueRequired\":true,\"valueName\":\"search_term_string\"}}],\"inLanguage\":\"es\"},{\"@type\":\"Organization\",\"@id\":\"https:\/\/www.purecurry.com\/#organization\",\"name\":\"PureCurry.com\",\"url\":\"https:\/\/www.purecurry.com\/\",\"logo\":{\"@type\":\"ImageObject\",\"inLanguage\":\"es\",\"@id\":\"https:\/\/www.purecurry.com\/#\/schema\/logo\/image\/\",\"url\":\"https:\/\/www.purecurry.com\/wp-content\/uploads\/2018\/07\/PureCurryLogo-v2-512x512.png\",\"contentUrl\":\"https:\/\/www.purecurry.com\/wp-content\/uploads\/2018\/07\/PureCurryLogo-v2-512x512.png\",\"width\":510,\"height\":508,\"caption\":\"PureCurry.com\"},\"image\":{\"@id\":\"https:\/\/www.purecurry.com\/#\/schema\/logo\/image\/\"}}]}<\/script>\n<!-- \/ Yoast SEO plugin. -->","yoast_head_json":{"title":"Informaci\u00f3n nutricional - Pure Curry","robots":{"index":"index","follow":"follow","max-snippet":"max-snippet:-1","max-image-preview":"max-image-preview:large","max-video-preview":"max-video-preview:-1"},"canonical":"https:\/\/www.purecurry.com\/es\/nutricion\/","og_locale":"es_ES","og_type":"article","og_title":"Informaci\u00f3n nutricional - Pure Curry","og_description":"Para la mayor\u00eda de los ingredientes, los valores nutricionales de las etiquetas se calculan utilizando los datos disponibles en la National Nutrients Database publicada por el USDA. Si los datos de un ingrediente, como un ingrediente \u00e9tnico, no est\u00e1n disponibles, se utilizan los datos nutricionales proporcionados en el envase de ese ingrediente. Aqu\u00ed hay algunas [&hellip;]","og_url":"https:\/\/www.purecurry.com\/es\/nutricion\/","og_site_name":"Pure Curry","article_modified_time":"2025-12-11T18:03:39+00:00","og_image":[{"width":308,"height":514,"url":"https:\/\/www.purecurry.com\/wp-content\/uploads\/2019\/01\/NutritionFacts-Spanish.jpeg","type":"image\/jpeg"}],"twitter_card":"summary_large_image","twitter_misc":{"Tiempo de lectura":"1 minuto"},"schema":{"@context":"https:\/\/schema.org","@graph":[{"@type":"WebPage","@id":"https:\/\/www.purecurry.com\/es\/nutricion\/","url":"https:\/\/www.purecurry.com\/es\/nutricion\/","name":"Informaci\u00f3n nutricional - Pure Curry","isPartOf":{"@id":"https:\/\/www.purecurry.com\/#website"},"primaryImageOfPage":{"@id":"https:\/\/www.purecurry.com\/es\/nutricion\/#primaryimage"},"image":{"@id":"https:\/\/www.purecurry.com\/es\/nutricion\/#primaryimage"},"thumbnailUrl":"https:\/\/www.purecurry.com\/wp-content\/uploads\/2019\/01\/NutritionFacts-Spanish.jpeg","datePublished":"2018-02-04T21:24:21+00:00","dateModified":"2025-12-11T18:03:39+00:00","breadcrumb":{"@id":"https:\/\/www.purecurry.com\/es\/nutricion\/#breadcrumb"},"inLanguage":"es","potentialAction":[{"@type":"ReadAction","target":["https:\/\/www.purecurry.com\/es\/nutricion\/"]}]},{"@type":"ImageObject","inLanguage":"es","@id":"https:\/\/www.purecurry.com\/es\/nutricion\/#primaryimage","url":"https:\/\/www.purecurry.com\/wp-content\/uploads\/2019\/01\/NutritionFacts-Spanish.jpeg","contentUrl":"https:\/\/www.purecurry.com\/wp-content\/uploads\/2019\/01\/NutritionFacts-Spanish.jpeg"},{"@type":"BreadcrumbList","@id":"https:\/\/www.purecurry.com\/es\/nutricion\/#breadcrumb","itemListElement":[{"@type":"ListItem","position":1,"name":"Home","item":"https:\/\/www.purecurry.com\/es\/"},{"@type":"ListItem","position":2,"name":"Informaci\u00f3n nutricional"}]},{"@type":"WebSite","@id":"https:\/\/www.purecurry.com\/#website","url":"https:\/\/www.purecurry.com\/","name":"Pure Curry","description":"Aprende. Crea. Saborea.","publisher":{"@id":"https:\/\/www.purecurry.com\/#organization"},"potentialAction":[{"@type":"SearchAction","target":{"@type":"EntryPoint","urlTemplate":"https:\/\/www.purecurry.com\/?s={search_term_string}"},"query-input":{"@type":"PropertyValueSpecification","valueRequired":true,"valueName":"search_term_string"}}],"inLanguage":"es"},{"@type":"Organization","@id":"https:\/\/www.purecurry.com\/#organization","name":"PureCurry.com","url":"https:\/\/www.purecurry.com\/","logo":{"@type":"ImageObject","inLanguage":"es","@id":"https:\/\/www.purecurry.com\/#\/schema\/logo\/image\/","url":"https:\/\/www.purecurry.com\/wp-content\/uploads\/2018\/07\/PureCurryLogo-v2-512x512.png","contentUrl":"https:\/\/www.purecurry.com\/wp-content\/uploads\/2018\/07\/PureCurryLogo-v2-512x512.png","width":510,"height":508,"caption":"PureCurry.com"},"image":{"@id":"https:\/\/www.purecurry.com\/#\/schema\/logo\/image\/"}}]}},"_links":{"self":[{"href":"https:\/\/www.purecurry.com\/es\/wp-json\/wp\/v2\/pages\/2890","targetHints":{"allow":["GET"]}}],"collection":[{"href":"https:\/\/www.purecurry.com\/es\/wp-json\/wp\/v2\/pages"}],"about":[{"href":"https:\/\/www.purecurry.com\/es\/wp-json\/wp\/v2\/types\/page"}],"author":[{"embeddable":true,"href":"https:\/\/www.purecurry.com\/es\/wp-json\/wp\/v2\/users\/1"}],"replies":[{"embeddable":true,"href":"https:\/\/www.purecurry.com\/es\/wp-json\/wp\/v2\/comments?post=2890"}],"version-history":[{"count":5,"href":"https:\/\/www.purecurry.com\/es\/wp-json\/wp\/v2\/pages\/2890\/revisions"}],"predecessor-version":[{"id":7155,"href":"https:\/\/www.purecurry.com\/es\/wp-json\/wp\/v2\/pages\/2890\/revisions\/7155"}],"wp:attachment":[{"href":"https:\/\/www.purecurry.com\/es\/wp-json\/wp\/v2\/media?parent=2890"}],"curies":[{"name":"wp","href":"https:\/\/api.w.org\/{rel}","templated":true}]}}